{"id":4062,"date":"2023-05-12T18:42:30","date_gmt":"2023-05-12T16:42:30","guid":{"rendered":"https:\/\/miguelcomino.cat\/?page_id=4062"},"modified":"2023-11-21T13:23:57","modified_gmt":"2023-11-21T12:23:57","slug":"inicio","status":"publish","type":"page","link":"https:\/\/miguelcomino.cat\/es\/inicio\/","title":{"rendered":"Inicio"},"content":{"rendered":"<div class=\"wpb-content-wrapper\"><p>[vc_row][vc_column]\n\t\t\t<!-- START Slider 1 REVOLUTION SLIDER 6.7.30 --><p class=\"rs-p-wp-fix\"><\/p>\n\t\t\t<rs-module-wrap id=\"rev_slider_1_1_wrapper\" data-source=\"gallery\" style=\"visibility:hidden;background:transparent;padding:0;margin:0px auto;margin-top:0;margin-bottom:0;\">\n\t\t\t\t<rs-module id=\"rev_slider_1_1\" style=\"\" data-version=\"6.7.30\">\n\t\t\t\t\t<rs-slides style=\"overflow: hidden; position: absolute;\">\n\t\t\t\t\t\t<rs-slide style=\"position: absolute;\" data-key=\"rs-1\" data-title=\"Slide\" data-in=\"o:0;\" data-out=\"a:false;\">\n\t\t\t\t\t\t\t<img fetchpriority=\"high\" decoding=\"async\" src=\"\/\/miguelcomino.cat\/wp-content\/plugins\/revslider\/sr6\/assets\/assets\/dummy.png\" alt=\"\" title=\"slider7\" width=\"1920\" height=\"1000\" class=\"rev-slidebg tp-rs-img rs-lazyload\" data-lazyload=\"\/\/miguelcomino.cat\/wp-content\/uploads\/2023\/05\/slider7.jpg\" data-bg=\"p:center bottom;\" data-parallax=\"1\" data-no-retina>\n<!---->\t\t\t\t\t<\/rs-slide>\n\t\t\t\t\t<\/rs-slides>\n\t\t\t\t<\/rs-module>\n\t\t\t\t<script>\n\t\t\t\t\tsetREVStartSize({c: 'rev_slider_1_1',rl:[1240,1024,1024,1024],el:[940,768,768,768],gw:[1920,1920,1920,1920],gh:[940,900,900,900],type:'standard',justify:'',layout:'fullwidth',mh:\"0\"});if (window.RS_MODULES!==undefined && window.RS_MODULES.modules!==undefined && window.RS_MODULES.modules[\"revslider11\"]!==undefined) {window.RS_MODULES.modules[\"revslider11\"].once = false;window.revapi1 = undefined;if (window.RS_MODULES.checkMinimal!==undefined) window.RS_MODULES.checkMinimal()}\n\t\t\t\t<\/script>\n\t\t\t<\/rs-module-wrap>\n\t\t\t<!-- END REVOLUTION SLIDER -->\n[\/vc_column][\/vc_row][vc_row full_width=\u00bbstretch_row\u00bb css=\u00bb.vc_custom_1683919319868{padding-top: 60px !important;padding-bottom: 10px !important;background-color: #f5f5f5 !important;}\u00bb][vc_column width=\u00bb1\/3&#8243;][dt_icon_text dt_text_title=\u00bbIdeal de ciudad\u00bb dt_text_title_bottom_margin=\u00bb10px\u00bb dt_text_desc=\u00bbEl arte de la pol\u00edtica es acercarse, junto con quienes te apoyan, quienes est\u00e1n cerca y tu equipo, a este ideal de ciudad.\u00bb dt_text_content_font_size=\u00bb16px\u00bb dt_text_content_line_height=\u00bb28px\u00bb show_btn=\u00bbn\u00bb icon_picker=\u00bbfas fa-city\u00bb dt_text_icon_bg_size=\u00bb70px\u00bb dt_text_icon_border_width=\u00bb0px\u00bb dt_text_icon_paddings=\u00bb0px 0px 20px 0px\u00bb dt_text_icon_color=\u00bb#ffffff\u00bb dt_icon_hover=\u00bby\u00bb dt_icon_color_hover=\u00bb#ffffff\u00bb dt_icon_bg_color_hover=\u00bb#81018b\u00bb icon_animation=\u00bbslide_up\u00bb css_dt_carousel=\u00bb.vc_custom_1684229267544{padding-bottom: 50px !important;}\u00bb][\/vc_column][vc_column width=\u00bb1\/3&#8243;][dt_icon_text dt_text_title=\u00bbTransformaci\u00f3n continua\u00bb dt_text_title_bottom_margin=\u00bb10px\u00bb dt_text_desc=\u00bbEstoy aqu\u00ed para trabajar y seguir mejorando el d\u00eda a d\u00eda de los vicentinos y vicentinas. San Vicente se transforma para vivir.\u00bb dt_text_content_font_size=\u00bb16px\u00bb dt_text_content_line_height=\u00bb28px\u00bb show_btn=\u00bbn\u00bb icon_picker=\u00bbdt-icon-the7-refresh-07&#8243; dt_text_icon_bg_size=\u00bb70px\u00bb dt_text_icon_border_width=\u00bb0px\u00bb dt_text_icon_paddings=\u00bb0px 0px 20px 0px\u00bb dt_text_icon_color=\u00bb#ffffff\u00bb dt_icon_hover=\u00bby\u00bb dt_icon_color_hover=\u00bb#ffffff\u00bb dt_icon_bg_color_hover=\u00bb#81018b\u00bb icon_animation=\u00bbslide_up\u00bb css_dt_carousel=\u00bb.vc_custom_1684229287859{padding-bottom: 50px !important;}\u00bb][\/vc_column][vc_column width=\u00bb1\/3&#8243;][dt_icon_text dt_text_title=\u00bbSoy feminista\u00bb dt_text_title_bottom_margin=\u00bb10px\u00bb dt_text_desc=\u00bbFeminizaci\u00f3n de la vida de la ciudad por una clara defensa de la igualdad.\u00bb dt_text_content_font_size=\u00bb16px\u00bb dt_text_content_line_height=\u00bb28px\u00bb show_btn=\u00bbn\u00bb icon_picker=\u00bbDefaults-venus\u00bb dt_text_icon_bg_size=\u00bb70px\u00bb dt_text_icon_border_width=\u00bb\u00bb dt_text_icon_paddings=\u00bb0px 0px 20px 0px\u00bb dt_text_icon_color=\u00bb#ffffff\u00bb dt_icon_hover=\u00bby\u00bb dt_icon_color_hover=\u00bb#ffffff\u00bb dt_icon_bg_color_hover=\u00bb#81018b\u00bb icon_animation=\u00bbslide_up\u00bb css_dt_carousel=\u00bb.vc_custom_1684229304863{padding-bottom: 50px !important;}\u00bb][\/vc_column][\/vc_row][vc_row equal_height=\u00bbyes\u00bb css=\u00bb.vc_custom_1684161045899{margin-bottom: -30px !important;}\u00bb][vc_column css=\u00bb.vc_custom_1578567981045{padding-top: 80px !important;}\u00bb]<div id=\"ultimate-heading-22269e210680388d\" class=\"uvc-heading ult-adjust-bottom-margin ultimate-heading-22269e210680388d uvc-319 accent-border-color\" data-hspacer=\"line_only\"  data-halign=\"center\" style=\"text-align:center\"><div class=\"uvc-main-heading ult-responsive\"  data-ultimate-target='.uvc-heading.ultimate-heading-22269e210680388d h2'  data-responsive-json-new='{\"font-size\":\"mobile_landscape:24px;\",\"line-height\":\"mobile_landscape:34px;\"}' ><h2 style=\"font-weight:bold;margin-bottom:20px;\">V\u00eddeos de campa\u00f1a<\/h2><\/div><div class=\"uvc-heading-spacer line_only\" style=\"margin-bottom:65px;height:3px;\"><span class=\"uvc-headings-line\" style=\"border-style:solid;border-bottom-width:3px;border-color:;width:150px;\"><\/span><\/div><\/div>[\/vc_column][vc_column css=\u00bb.vc_custom_1578583254430{padding-bottom: 40px !important;}\u00bb offset=\u00bbvc_col-lg-6 vc_col-md-6&#8243;][vc_video link=\u00bbhttps:\/\/youtu.be\/zmgsS_olDPI\u00bb][\/vc_column][vc_column css=\u00bb.vc_custom_1578583043405{padding-bottom: 50px !important;}\u00bb offset=\u00bbvc_col-lg-6 vc_col-md-6&#8243;][vc_video link=\u00bbhttps:\/\/youtu.be\/_ixSANl9N0s\u00bb][\/vc_column][\/vc_row][vc_row full_width=\u00bbstretch_row_content_no_spaces\u00bb css=\u00bb.vc_custom_1684163334215{margin-bottom: -75px !important;padding-top: 80px !important;padding-right: 20px !important;padding-bottom: 90px !important;padding-left: 20px !important;}\u00bb][vc_column]<div id=\"ultimate-heading-739669e21068038c5\" class=\"uvc-heading ult-adjust-bottom-margin ultimate-heading-739669e21068038c5 uvc-9122 accent-border-color\" data-hspacer=\"line_only\"  data-halign=\"center\" style=\"text-align:center\"><div class=\"uvc-main-heading ult-responsive\"  data-ultimate-target='.uvc-heading.ultimate-heading-739669e21068038c5 h2'  data-responsive-json-new='{\"font-size\":\"mobile_landscape:24px;\",\"line-height\":\"mobile_landscape:34px;\"}' ><h2 style=\"font-weight:bold;margin-bottom:40px;\">Miguel Comino alcalde de Sant Vicen\u00e7 dels Horts<\/h2><\/div><div class=\"uvc-sub-heading ult-responsive\"  data-ultimate-target='.uvc-heading.ultimate-heading-739669e21068038c5 .uvc-sub-heading '  data-responsive-json-new='{\"font-size\":\"\",\"line-height\":\"\"}'  style=\"font-weight:bold;\">Con la misma ilusi\u00f3n y las mismas ganas me vuelvo a poner a disposici\u00f3n para seguir trabajando en la transformaci\u00f3n que Sant Vicen\u00e7 dels Horts necesita. Gracias por la confianza.<\/p>\n<p>Amb tu, Sant Vicen\u00e7!<\/div><div class=\"uvc-heading-spacer line_only\" style=\"margin-bottom:65px;height:3px;\"><span class=\"uvc-headings-line\" style=\"border-style:solid;border-bottom-width:3px;border-color:;width:150px;\"><\/span><\/div><\/div>[vc_single_image image=\u00bb4167&#8243; img_size=\u00bb1600&#215;800&#8243; alignment=\u00bbcenter\u00bb image_hovers=\u00bbfalse\u00bb][\/vc_column][\/vc_row][vc_row full_width=\u00bbstretch_row_content_no_spaces\u00bb css=\u00bb.vc_custom_1676833643951{padding-top: 80px !important;padding-right: 20px !important;padding-bottom: 90px !important;padding-left: 20px !important;}\u00bb][vc_column css=\u00bb.vc_custom_1684164664335{margin-top: -100px !important;}\u00bb][vc_single_image image=\u00bb4140&#8243; img_size=\u00bb1920&#215;4600&#8243; alignment=\u00bbcenter\u00bb image_hovers=\u00bbfalse\u00bb][\/vc_column][vc_column][\/vc_column][\/vc_row][vc_row full_width=\u00bbstretch_row\u00bb equal_height=\u00bbyes\u00bb content_placement=\u00bbtop\u00bb css=\u00bb.vc_custom_1578571201532{padding-top: 80px !important;padding-bottom: 40px !important;background-color: #f5f5f5 !important;}\u00bb][vc_column]<div id=\"ultimate-heading-67769e21068038f2\" class=\"uvc-heading ult-adjust-bottom-margin ultimate-heading-67769e21068038f2 uvc-5068 accent-border-color\" data-hspacer=\"line_only\"  data-halign=\"center\" style=\"text-align:center\"><div class=\"uvc-main-heading ult-responsive\"  data-ultimate-target='.uvc-heading.ultimate-heading-67769e21068038f2 h2'  data-responsive-json-new='{\"font-size\":\"mobile_landscape:24px;\",\"line-height\":\"mobile_landscape:34px;\"}' ><h2 style=\"font-weight:bold;margin-bottom:20px;\">Estem transformant Sant Vicen\u00e7, amb tu!<\/h2><\/div><div class=\"uvc-heading-spacer line_only\" style=\"margin-bottom:65px;height:3px;\"><span class=\"uvc-headings-line\" style=\"border-style:solid;border-bottom-width:3px;border-color:;width:150px;\"><\/span><\/div><\/div>[\/vc_column][vc_column css=\u00bb.vc_custom_1578583374355{padding-bottom: 50px !important;}\u00bb offset=\u00bbvc_col-lg-4 vc_col-md-4&#8243;]<div id=\"ultimate-heading-800969e2106803917\" class=\"uvc-heading ult-adjust-bottom-margin ultimate-heading-800969e2106803917 uvc-7166 \" data-hspacer=\"no_spacer\"  data-halign=\"left\" style=\"text-align:left\"><div class=\"uvc-heading-spacer no_spacer\" style=\"top\"><\/div><div class=\"uvc-main-heading ult-responsive\"  data-ultimate-target='.uvc-heading.ultimate-heading-800969e2106803917 h4'  data-responsive-json-new='{\"font-size\":\"\",\"line-height\":\"\"}' ><h4 style=\"font-weight:bold;margin-bottom:20px;\">Liderando la transformaci\u00f3n<\/h4><\/div><\/div>[vc_column_text css=\u00bb.vc_custom_1678793628955{padding-bottom: 20px !important;}\u00bb]Desde el PSC y desde la lista que encabezar\u00e9 en las pr\u00f3ximas municipales queremos seguir liderando esta transformaci\u00f3n que hemos iniciado. Ser\u00e1 la reforma de la ciudad m\u00e1s importante que se ha hecho en el siglo XXI para convertirla en m\u00e1s metropolitana, m\u00e1s feminista, m\u00e1s solidaria, m\u00e1s sostenible, m\u00e1s pr\u00f3spera y pensada para la ciudadan\u00eda.[\/vc_column_text][dt_default_button link=\u00bburl:https%3A%2F%2Fmiguelcomino.cat%2Fprograma%2F|title:Programa\u00bb icon_type=\u00bbpicker\u00bb icon_picker=\u00bbicomoon-the7-font-the7-arrow-09&#8243; icon_gap=\u00bb5px\u00bb icon_align=\u00bbright\u00bb]Programa[\/dt_default_button][\/vc_column][vc_column css=\u00bb.vc_custom_1578583384700{padding-bottom: 50px !important;}\u00bb offset=\u00bbvc_col-lg-4 vc_col-md-4&#8243;]<div id=\"ultimate-heading-980969e210680393f\" class=\"uvc-heading ult-adjust-bottom-margin ultimate-heading-980969e210680393f uvc-8701 \" data-hspacer=\"no_spacer\"  data-halign=\"left\" style=\"text-align:left\"><div class=\"uvc-heading-spacer no_spacer\" style=\"top\"><\/div><div class=\"uvc-main-heading ult-responsive\"  data-ultimate-target='.uvc-heading.ultimate-heading-980969e210680393f h4'  data-responsive-json-new='{\"font-size\":\"\",\"line-height\":\"\"}' ><h4 style=\"font-weight:bold;margin-bottom:20px;\">Proyectos de futuro<\/h4><\/div><div class=\"uvc-sub-heading ult-responsive\"  data-ultimate-target='.uvc-heading.ultimate-heading-980969e210680393f .uvc-sub-heading '  data-responsive-json-new='{\"font-size\":\"\",\"line-height\":\"\"}'  style=\"font-weight:normal;margin-bottom:20px;\">Queremos desarrollar en el futuro la construcci\u00f3n de nuevas viviendas sociales. Nunca en la vida se hab\u00edan proyectado tantas viviendas sociales de alquiler en nuestra ciudad.<\/div><\/div>[dt_icon_text layout=\u00bblayout_1&#8243; dt_text_title=\u00bbHemos hecho una apuesta por diversificar la inversi\u00f3n en el conjunto del municipio para que llegue a todos los barrios. Estamos tranquilos y seguros del trabajo realizado.\u00bb dt_text_title_font_style=\u00bbnormal:bold:none\u00bb dt_text_title_font_size=\u00bb16px\u00bb dt_text_title_line_height=\u00bb28px\u00bb dt_text_desc=\u00bb\u00bb show_btn=\u00bbn\u00bb icon_picker=\u00bbfas fa-heart\u00bb dt_text_icon_size=\u00bb16px\u00bb dt_text_icon_bg_size=\u00bb16px\u00bb dt_text_icon_border_radius=\u00bb100px\u00bb dt_text_icon_border_width=\u00bb0px\u00bb dt_text_icon_paddings=\u00bb0px 10px 0px 0px\u00bb dt_text_icon_color=\u00bb\u00bb dt_icon_bg=\u00bbn\u00bb css_dt_carousel=\u00bb.vc_custom_1684230066846{padding-bottom: 5px !important;}\u00bb][\/vc_column][vc_column css=\u00bb.vc_custom_1578583391317{padding-bottom: 50px !important;}\u00bb offset=\u00bbvc_col-lg-4 vc_col-md-4&#8243;]<div id=\"ultimate-heading-894869e2106803966\" class=\"uvc-heading ult-adjust-bottom-margin ultimate-heading-894869e2106803966 uvc-5452 \" data-hspacer=\"no_spacer\"  data-halign=\"left\" style=\"text-align:left\"><div class=\"uvc-heading-spacer no_spacer\" style=\"top\"><\/div><div class=\"uvc-main-heading ult-responsive\"  data-ultimate-target='.uvc-heading.ultimate-heading-894869e2106803966 h4'  data-responsive-json-new='{\"font-size\":\"\",\"line-height\":\"\"}' ><h4 style=\"font-weight:bold;color:#333333;margin-bottom:20px;\">Balance del trabajo realizado<\/h4><\/div><\/div>[vc_progress_bar values=\u00bb%5B%7B%22label%22%3A%22Equipamiento%20C%C3%ADvico%20de%20la%20Guardia%22%2C%22value%22%3A%22100%22%7D%2C%7B%22label%22%3A%22Centro%20C%C3%ADvico%20Virginia%20Amposta%20(Funcionamiento%20gradual)%22%2C%22value%22%3A%2275%22%7D%2C%7B%22label%22%3A%22Escaleras%20mec%C3%A1nicas%20en%20San%20Jos%C3%A9%20(primera%20fase)%22%2C%22value%22%3A%2280%22%7D%2C%7B%22label%22%3A%22Objetivos%20de%20desarrollo%20sostenible%22%2C%22value%22%3A%2290%22%7D%2C%7B%22label%22%3A%22Guarder%C3%ADa%20Petit%20Mamut%22%2C%22value%22%3A%2280%22%7D%5D\u00bb caption_pos=\u00bbtop\u00bb bgstyle=\u00bbtransparent\u00bb][\/vc_column][\/vc_row][vc_row full_width=\u00bbstretch_row_content_no_spaces\u00bb equal_height=\u00bbyes\u00bb css=\u00bb.vc_custom_1580305352049{padding-top: 80px !important;padding-right: 20px !important;padding-bottom: 118px !important;padding-left: 20px !important;}\u00bb][vc_column]<div id=\"ultimate-heading-680569e210680398e\" class=\"uvc-heading ult-adjust-bottom-margin ultimate-heading-680569e210680398e uvc-5198 accent-border-color\" data-hspacer=\"line_only\"  data-halign=\"center\" style=\"text-align:center\"><div class=\"uvc-main-heading ult-responsive\"  data-ultimate-target='.uvc-heading.ultimate-heading-680569e210680398e h2'  data-responsive-json-new='{\"font-size\":\"mobile_landscape:24px;\",\"line-height\":\"mobile_landscape:34px;\"}' ><h2 style=\"font-weight:bold;margin-bottom:20px;\">Actualidad Vicentina<\/h2><\/div><div class=\"uvc-heading-spacer line_only\" style=\"margin-bottom:65px;height:3px;\"><span class=\"uvc-headings-line\" style=\"border-style:solid;border-bottom-width:3px;border-color:;width:150px;\"><\/span><\/div><\/div>[dt_blog_carousel posts_offset=\u00bb0&#8243; post_content_paddings=\u00bb25px 30px 30px 30px\u00bb image_scale_animation_on_hover=\u00bbdisabled\u00bb image_hover_bg_color=\u00bbsolid_rollover_bg\u00bb custom_rollover_bg_color=\u00bbrgba(0,0,0,0.3)\u00bb slides_on_h_tabs=\u00bb2&#8243; item_space=\u00bb20&#8243; adaptive_height=\u00bbn\u00bb speed=\u00bb800&#8243; post_title_bottom_margin=\u00bb10px\u00bb post_author=\u00bbn\u00bb post_comments=\u00bbn\u00bb meta_info_bottom_margin=\u00bb13px\u00bb excerpt_words_limit=\u00bb15&#8243; read_more_button_text=\u00bbLeer m\u00e1s\u00bb show_zoom=\u00bby\u00bb gallery_image_zoom_icon=\u00bbicomoon-the7-font-the7-plus-03&#8243; project_icon_size=\u00bb16px\u00bb project_icon_color=\u00bb#ffffff\u00bb project_icon_bg_size=\u00bb50px\u00bb project_icon_border_width=\u00bb3px\u00bb project_icon_border_color=\u00bb#ffffff\u00bb arrow_bg_width=\u00bb60x\u00bb arrow_bg_height=\u00bb60px\u00bb arrow_border_radius=\u00bb200px\u00bb arrow_border_width=\u00bb0px\u00bb arrow_icon_color=\u00bb\u00bb arrow_bg_color=\u00bb#ffffff\u00bb arrow_icon_color_hover=\u00bb#81018b\u00bb arrow_bg_color_hover=\u00bb#ffffff\u00bb r_arrow_icon_paddings=\u00bb0px 20px 0px 0px\u00bb r_arrow_v_offset=\u00bb0px\u00bb r_arrow_h_offset=\u00bb-40px\u00bb l_arrow_icon_paddings=\u00bb0px 0px 0px 20px\u00bb l_arrow_v_offset=\u00bb0px\u00bb l_arrow_h_offset=\u00bb-40px\u00bb arrow_responsiveness=\u00bbno-changes\u00bb show_bullets=\u00bby\u00bb bullets_style=\u00bbfill-in\u00bb bullet_size=\u00bb8px\u00bb bullets_v_offset=\u00bb40px\u00bb bullets_h_offset=\u00bb0px\u00bb category=\u00bb\u00bb][\/vc_column][\/vc_row]<\/p>\n<\/div>","protected":false},"excerpt":{"rendered":"<p>[vc_row][vc_column][\/vc_column][\/vc_row][vc_row full_width=\u00bbstretch_row\u00bb css=\u00bb.vc_custom_1683919319868{padding-top: 60px !important;padding-bottom: 10px !important;background-color: #f5f5f5 !important;}\u00bb][vc_column width=\u00bb1\/3&#8243;][dt_icon_text dt_text_title=\u00bbIdeal de ciudad\u00bb dt_text_title_bottom_margin=\u00bb10px\u00bb dt_text_desc=\u00bbEl arte de la pol\u00edtica es acercarse, junto con quienes te apoyan, quienes est\u00e1n cerca y tu equipo, a este ideal de ciudad.\u00bb dt_text_content_font_size=\u00bb16px\u00bb dt_text_content_line_height=\u00bb28px\u00bb show_btn=\u00bbn\u00bb icon_picker=\u00bbfas fa-city\u00bb dt_text_icon_bg_size=\u00bb70px\u00bb dt_text_icon_border_width=\u00bb0px\u00bb dt_text_icon_paddings=\u00bb0px 0px 20px 0px\u00bb dt_text_icon_color=\u00bb#ffffff\u00bb dt_icon_hover=\u00bby\u00bb dt_icon_color_hover=\u00bb#ffffff\u00bb dt_icon_bg_color_hover=\u00bb#81018b\u00bb icon_animation=\u00bbslide_up\u00bb css_dt_carousel=\u00bb.vc_custom_1684229267544{padding-bottom: 50px [&hellip;]<\/p>\n","protected":false},"author":1,"featured_media":0,"parent":0,"menu_order":2,"comment_status":"closed","ping_status":"closed","template":"","meta":{"footnotes":""},"class_list":["post-4062","page","type-page","status-publish","hentry"],"yoast_head":"<!-- This site is optimized with the Yoast SEO plugin v24.6 - https:\/\/yoast.com\/wordpress\/plugins\/seo\/ -->\n<title>Inicio - Miguel Comino<\/title>\n<meta name=\"description\" content=\"Inicio Alcalde Miguel Comino. #AlcaldeComino Miguel Comino, alcalde socialista en Sant Vicen\u00e7 dels Horts\" \/>\n<meta name=\"robots\" content=\"index, follow, max-snippet:-1, max-image-preview:large, max-video-preview:-1\" \/>\n<link rel=\"canonical\" href=\"https:\/\/miguelcomino.cat\/es\/inicio\/\" \/>\n<meta property=\"og:locale\" content=\"es_ES\" \/>\n<meta property=\"og:type\" content=\"article\" \/>\n<meta property=\"og:title\" content=\"Inicio - Miguel Comino\" \/>\n<meta property=\"og:description\" content=\"Inicio Alcalde Miguel Comino. #AlcaldeComino Miguel Comino, alcalde socialista en Sant Vicen\u00e7 dels Horts\" \/>\n<meta property=\"og:url\" content=\"https:\/\/miguelcomino.cat\/es\/inicio\/\" \/>\n<meta property=\"og:site_name\" content=\"Miguel Comino\" \/>\n<meta property=\"article:publisher\" content=\"https:\/\/www.facebook.com\/miguel.comino\/about\" \/>\n<meta property=\"article:modified_time\" content=\"2023-11-21T12:23:57+00:00\" \/>\n<meta name=\"twitter:card\" content=\"summary_large_image\" \/>\n<meta name=\"twitter:label1\" content=\"Tiempo de lectura\" \/>\n\t<meta name=\"twitter:data1\" content=\"3 minutos\" \/>\n<script type=\"application\/ld+json\" class=\"yoast-schema-graph\">{\"@context\":\"https:\/\/schema.org\",\"@graph\":[{\"@type\":\"WebPage\",\"@id\":\"https:\/\/miguelcomino.cat\/es\/inicio\/\",\"url\":\"https:\/\/miguelcomino.cat\/es\/inicio\/\",\"name\":\"Inicio - Miguel Comino\",\"isPartOf\":{\"@id\":\"https:\/\/miguelcomino.cat\/es\/#website\"},\"datePublished\":\"2023-05-12T16:42:30+00:00\",\"dateModified\":\"2023-11-21T12:23:57+00:00\",\"description\":\"Inicio Alcalde Miguel Comino. #AlcaldeComino Miguel Comino, alcalde socialista en Sant Vicen\u00e7 dels Horts\",\"breadcrumb\":{\"@id\":\"https:\/\/miguelcomino.cat\/es\/inicio\/#breadcrumb\"},\"inLanguage\":\"es\",\"potentialAction\":[{\"@type\":\"ReadAction\",\"target\":[\"https:\/\/miguelcomino.cat\/es\/inicio\/\"]}]},{\"@type\":\"BreadcrumbList\",\"@id\":\"https:\/\/miguelcomino.cat\/es\/inicio\/#breadcrumb\",\"itemListElement\":[{\"@type\":\"ListItem\",\"position\":1,\"name\":\"Portada\",\"item\":\"https:\/\/miguelcomino.cat\/es\/\"},{\"@type\":\"ListItem\",\"position\":2,\"name\":\"Inicio\"}]},{\"@type\":\"WebSite\",\"@id\":\"https:\/\/miguelcomino.cat\/es\/#website\",\"url\":\"https:\/\/miguelcomino.cat\/es\/\",\"name\":\"Miguel Comino\",\"description\":\"Alcalde\",\"publisher\":{\"@id\":\"https:\/\/miguelcomino.cat\/es\/#\/schema\/person\/4ecf1a3fec86aedb7db8e31067c9ffaf\"},\"potentialAction\":[{\"@type\":\"SearchAction\",\"target\":{\"@type\":\"EntryPoint\",\"urlTemplate\":\"https:\/\/miguelcomino.cat\/es\/?s={search_term_string}\"},\"query-input\":{\"@type\":\"PropertyValueSpecification\",\"valueRequired\":true,\"valueName\":\"search_term_string\"}}],\"inLanguage\":\"es\"},{\"@type\":[\"Person\",\"Organization\"],\"@id\":\"https:\/\/miguelcomino.cat\/es\/#\/schema\/person\/4ecf1a3fec86aedb7db8e31067c9ffaf\",\"name\":\"Miguel Comino\",\"image\":{\"@type\":\"ImageObject\",\"inLanguage\":\"es\",\"@id\":\"https:\/\/miguelcomino.cat\/es\/#\/schema\/person\/image\/\",\"url\":\"https:\/\/miguelcomino.cat\/wp-content\/uploads\/2023\/05\/003.png\",\"contentUrl\":\"https:\/\/miguelcomino.cat\/wp-content\/uploads\/2023\/05\/003.png\",\"width\":922,\"height\":572,\"caption\":\"Miguel Comino\"},\"logo\":{\"@id\":\"https:\/\/miguelcomino.cat\/es\/#\/schema\/person\/image\/\"},\"sameAs\":[\"https:\/\/www.facebook.com\/miguel.comino\/about\",\"https:\/\/www.instagram.com\/miguelcomino\/\"]}]}<\/script>\n<!-- \/ Yoast SEO plugin. -->","yoast_head_json":{"title":"Inicio - Miguel Comino","description":"Inicio Alcalde Miguel Comino. #AlcaldeComino Miguel Comino, alcalde socialista en Sant Vicen\u00e7 dels Horts","robots":{"index":"index","follow":"follow","max-snippet":"max-snippet:-1","max-image-preview":"max-image-preview:large","max-video-preview":"max-video-preview:-1"},"canonical":"https:\/\/miguelcomino.cat\/es\/inicio\/","og_locale":"es_ES","og_type":"article","og_title":"Inicio - Miguel Comino","og_description":"Inicio Alcalde Miguel Comino. #AlcaldeComino Miguel Comino, alcalde socialista en Sant Vicen\u00e7 dels Horts","og_url":"https:\/\/miguelcomino.cat\/es\/inicio\/","og_site_name":"Miguel Comino","article_publisher":"https:\/\/www.facebook.com\/miguel.comino\/about","article_modified_time":"2023-11-21T12:23:57+00:00","twitter_card":"summary_large_image","twitter_misc":{"Tiempo de lectura":"3 minutos"},"schema":{"@context":"https:\/\/schema.org","@graph":[{"@type":"WebPage","@id":"https:\/\/miguelcomino.cat\/es\/inicio\/","url":"https:\/\/miguelcomino.cat\/es\/inicio\/","name":"Inicio - Miguel Comino","isPartOf":{"@id":"https:\/\/miguelcomino.cat\/es\/#website"},"datePublished":"2023-05-12T16:42:30+00:00","dateModified":"2023-11-21T12:23:57+00:00","description":"Inicio Alcalde Miguel Comino. #AlcaldeComino Miguel Comino, alcalde socialista en Sant Vicen\u00e7 dels Horts","breadcrumb":{"@id":"https:\/\/miguelcomino.cat\/es\/inicio\/#breadcrumb"},"inLanguage":"es","potentialAction":[{"@type":"ReadAction","target":["https:\/\/miguelcomino.cat\/es\/inicio\/"]}]},{"@type":"BreadcrumbList","@id":"https:\/\/miguelcomino.cat\/es\/inicio\/#breadcrumb","itemListElement":[{"@type":"ListItem","position":1,"name":"Portada","item":"https:\/\/miguelcomino.cat\/es\/"},{"@type":"ListItem","position":2,"name":"Inicio"}]},{"@type":"WebSite","@id":"https:\/\/miguelcomino.cat\/es\/#website","url":"https:\/\/miguelcomino.cat\/es\/","name":"Miguel Comino","description":"Alcalde","publisher":{"@id":"https:\/\/miguelcomino.cat\/es\/#\/schema\/person\/4ecf1a3fec86aedb7db8e31067c9ffaf"},"potentialAction":[{"@type":"SearchAction","target":{"@type":"EntryPoint","urlTemplate":"https:\/\/miguelcomino.cat\/es\/?s={search_term_string}"},"query-input":{"@type":"PropertyValueSpecification","valueRequired":true,"valueName":"search_term_string"}}],"inLanguage":"es"},{"@type":["Person","Organization"],"@id":"https:\/\/miguelcomino.cat\/es\/#\/schema\/person\/4ecf1a3fec86aedb7db8e31067c9ffaf","name":"Miguel Comino","image":{"@type":"ImageObject","inLanguage":"es","@id":"https:\/\/miguelcomino.cat\/es\/#\/schema\/person\/image\/","url":"https:\/\/miguelcomino.cat\/wp-content\/uploads\/2023\/05\/003.png","contentUrl":"https:\/\/miguelcomino.cat\/wp-content\/uploads\/2023\/05\/003.png","width":922,"height":572,"caption":"Miguel Comino"},"logo":{"@id":"https:\/\/miguelcomino.cat\/es\/#\/schema\/person\/image\/"},"sameAs":["https:\/\/www.facebook.com\/miguel.comino\/about","https:\/\/www.instagram.com\/miguelcomino\/"]}]}},"_links":{"self":[{"href":"https:\/\/miguelcomino.cat\/es\/wp-json\/wp\/v2\/pages\/4062","targetHints":{"allow":["GET"]}}],"collection":[{"href":"https:\/\/miguelcomino.cat\/es\/wp-json\/wp\/v2\/pages"}],"about":[{"href":"https:\/\/miguelcomino.cat\/es\/wp-json\/wp\/v2\/types\/page"}],"author":[{"embeddable":true,"href":"https:\/\/miguelcomino.cat\/es\/wp-json\/wp\/v2\/users\/1"}],"replies":[{"embeddable":true,"href":"https:\/\/miguelcomino.cat\/es\/wp-json\/wp\/v2\/comments?post=4062"}],"version-history":[{"count":20,"href":"https:\/\/miguelcomino.cat\/es\/wp-json\/wp\/v2\/pages\/4062\/revisions"}],"predecessor-version":[{"id":4866,"href":"https:\/\/miguelcomino.cat\/es\/wp-json\/wp\/v2\/pages\/4062\/revisions\/4866"}],"wp:attachment":[{"href":"https:\/\/miguelcomino.cat\/es\/wp-json\/wp\/v2\/media?parent=4062"}],"curies":[{"name":"wp","href":"https:\/\/api.w.org\/{rel}","templated":true}]}}