{"id":3515,"date":"2023-03-02T18:53:14","date_gmt":"2023-03-02T17:53:14","guid":{"rendered":"https:\/\/miguelcomino.cat\/?page_id=3515"},"modified":"2023-03-02T18:55:50","modified_gmt":"2023-03-02T17:55:50","slug":"aviso-legal","status":"publish","type":"page","link":"https:\/\/miguelcomino.cat\/es\/aviso-legal\/","title":{"rendered":"Aviso Legal"},"content":{"rendered":"\n<p><strong>1.- Titularidad:&nbsp;<\/strong>Para dar cumplimiento con la Ley 34\/2002 de 11 de julio, de Servicios de la Sociedad de la informaci\u00f3n y de Comercio Electr\u00f3nico, a continuaci\u00f3n se especifican los datos de informaci\u00f3n general sobre la titularidad de \u00e9sta Web:<\/p>\n\n\n\n<p>Titular: PARTIDO DE LOS SOCIALISTAS DE CATALU\u00d1A (PSC \u2013 PSOE)<br>Direcci\u00f3n: c\/Rafael Casanova, 195 08620 \u2013 Sant Vicen\u00e7 dels Horts<br>Contacto: santvicencdelshorts@socialistes.cat<br>Datos registrales: El Partido de los Socialistas de Catalu\u00f1a (PSC-PSOE) consta inscrito en el Registro de Partidos Pol\u00edticos del Ministerio del Interior con fecha 18 de octubre de 1978 en el folio 286 del Tomo I del Libro de Inscripciones.<br>CIF: G08564379<\/p>\n\n\n\n<p><strong>2.- Condiciones de uso:&nbsp;<\/strong>El usuario se obliga a utilizar la informaci\u00f3n contenida en esta p\u00e1gina Web por sus propias necesidades exclusivamente ya no realizar directa o indirectamente ning\u00fan tipo de explotaci\u00f3n comercial de los contenidos y servicios a los que tenga acceso.<br>El usuario tendr\u00e1 derecho al acceso libre y gratuito de la informaci\u00f3n p\u00fablica recogida en la Web, no obstante el partido se reserva el derecho a restringir el acceso a determinadas secciones y servicios del Portal. Es intenci\u00f3n del PSC ofrecer en todo momento una informaci\u00f3n veraz y actualizada. Sin embargo, esta informaci\u00f3n puede contener incorrecciones tipogr\u00e1ficas o incluso t\u00e9cnicas y el PSC no se responsabiliza de la idoneidad de la informaci\u00f3n contenida en la Web.<\/p>\n\n\n\n<p><strong>3.- Enlaces (Links):<\/strong>&nbsp;Esta Web puede ofrecer distintos enlaces con otras p\u00e1ginas Web de terceros, cuyo contenido puede variar, de forma r\u00e1pida, por las caracter\u00edsticas propias de Internet. Por tanto, el PSC no se hace responsable de las informaciones, servicios y contenidos en general de estas p\u00e1ginas Web de terceros. La p\u00e1gina Web del partido es independiente por lo que no tiene ning\u00fan control sobre el contenido de las p\u00e1ginas de terceros. Un enlace con cualquier otra p\u00e1gina que no sea del PSC no implica que \u00e9ste apoye o acepte ninguna responsabilidad por su contenido o uso.<br>En caso de que el PSC tuviera conocimiento efectivo de que la actividad o la informaci\u00f3n a la que remiten estos enlaces fuera il\u00edcita, constitutiva de delito o que pueda lesionar bienes o derechos de terceros susceptibles de indemnizaci\u00f3n, actuar\u00e1 con la diligencia necesaria para suprimir el enlace correspondiente a la mayor brevedad posible.<\/p>\n\n\n\n<p><strong>4.- Derechos de propiedad intelectual e industrial:<\/strong>&nbsp;Los derechos relativos a la propiedad industrial e intelectual (como pueden ser las marcas, logotipos, textos, fotograf\u00edas, iconos, im\u00e1genes, etc., as\u00ed como el dise\u00f1o gr\u00e1fico y dem\u00e1s elementos de software contenidos en la presente p\u00e1gina Web), son propiedad del PSC. Por tanto, est\u00e1n sujetos a derechos de propiedad intelectual e industrial protegidos por la legislaci\u00f3n espa\u00f1ola e internacional. Sin la previa autorizaci\u00f3n escrita del PSC, no est\u00e1 permitido utilizar, reproducir, transmitir, manipular, as\u00ed como cualquier uso que exceda de la utilizaci\u00f3n necesaria para la visita de la p\u00e1gina y el uso de los servicios ofrecidos. El acceso a los servicios suministrados no supone por parte del partido renuncia, transmisi\u00f3n, ni cesi\u00f3n total o parcial de los derechos derivados de la propiedad intelectual e industrial, ni achaca derechos de utilizaci\u00f3n, alteraci\u00f3n, explotaci\u00f3n, reproducci\u00f3n, distribuci\u00f3n o comunicaci\u00f3n p\u00fablica sobre estos contenidos sin la previa y expresa autorizaci\u00f3n por escrito de los respectivos titulares de estos derechos, sin perjuicio del derecho de visualizaci\u00f3n y obtenci\u00f3n de copia privada de seguridad de estos contenidos, siempre que este derecho se ejercite seg\u00fan los principios de buena fe y siempre que se mantenga inalterada la propiedad intelectual e industrial del titular de estos derechos, se utilicen sin fines comerciales y exclusivamente por informaci\u00f3n personal del usuario. La responsabilidad derivada del uso de materiales protegidos por los derechos de propiedad intelectual e industrial contenidos en esta p\u00e1gina corresponder\u00e1n exclusivamente al usuario.<\/p>\n\n\n\n<p><strong>5.- \u00c9tica y responsabilidad del usuario de la p\u00e1gina Web corporativa:<\/strong>&nbsp;El PSC no ser\u00e1 en ning\u00fan caso responsable del uso de la Web Corporativa que realice el usuario.<br>El usuario se abstendr\u00e1 de llevar a cabo cualquier conducta en el uso de la Web corporativa o de los recursos puestos a su disposici\u00f3n que vaya en contra de los derechos de propiedad intelectual o industrial del PSC o de terceros, que vulneren honor, la intimidad personal o familiar o la imagen a terceros, o que sean il\u00edcitos o vayan en contra de la moralidad y dejar\u00e1 en todo caso indemne al partido ante cualquier reclamaci\u00f3n, judicial o extrajudicial, que se presente como consecuencia de ese uso. El usuario se abstendr\u00e1 de llevar a cabo por cualquier medio la destrucci\u00f3n, alteraci\u00f3n, inutilizaci\u00f3n o da\u00f1os de los datos, programas o documentos electr\u00f3nicos que pertenezcan al partido, as\u00ed como la introducci\u00f3n o difusi\u00f3n en la red de programas, virus, applets, o cualquier instrumento f\u00edsico o electr\u00f3nico que causen cualquier tipo de alteraci\u00f3n en la red, en el sistema, o en los equipos de terceros.<\/p>\n\n\n\n<p><strong>6.- Ley aplicable \u2013 Jurisdicci\u00f3n:<\/strong>&nbsp;La resoluci\u00f3n de cualquier controversia o divergencia relacionada con esta Web se regir\u00e1 por la legislaci\u00f3n espa\u00f1ola, y con competencia los Juzgados y Tribunales de la ciudad de Barcelona.<\/p>\n","protected":false},"excerpt":{"rendered":"<p>1.- Titularidad:&nbsp;Para dar cumplimiento con la Ley 34\/2002 de 11 de julio, de Servicios de la Sociedad de la informaci\u00f3n y de Comercio Electr\u00f3nico, a continuaci\u00f3n se especifican los datos de informaci\u00f3n general sobre la titularidad de \u00e9sta Web: Titular: PARTIDO DE LOS SOCIALISTAS DE CATALU\u00d1A (PSC \u2013 PSOE)Direcci\u00f3n: c\/Rafael Casanova, 195 08620 \u2013 Sant [&hellip;]<\/p>\n","protected":false},"author":1,"featured_media":0,"parent":0,"menu_order":0,"comment_status":"closed","ping_status":"closed","template":"","meta":{"footnotes":""},"class_list":["post-3515","page","type-page","status-publish","hentry"],"yoast_head":"<!-- This site is optimized with the Yoast SEO plugin v24.6 - https:\/\/yoast.com\/wordpress\/plugins\/seo\/ -->\n<title>Aviso Legal - Miguel Comino<\/title>\n<meta name=\"robots\" content=\"index, follow, max-snippet:-1, max-image-preview:large, max-video-preview:-1\" \/>\n<link rel=\"canonical\" href=\"https:\/\/miguelcomino.cat\/es\/aviso-legal\/\" \/>\n<meta property=\"og:locale\" content=\"es_ES\" \/>\n<meta property=\"og:type\" content=\"article\" \/>\n<meta property=\"og:title\" content=\"Aviso Legal - Miguel Comino\" \/>\n<meta property=\"og:description\" content=\"1.- Titularidad:&nbsp;Para dar cumplimiento con la Ley 34\/2002 de 11 de julio, de Servicios de la Sociedad de la informaci\u00f3n y de Comercio Electr\u00f3nico, a continuaci\u00f3n se especifican los datos de informaci\u00f3n general sobre la titularidad de \u00e9sta Web: Titular: PARTIDO DE LOS SOCIALISTAS DE CATALU\u00d1A (PSC \u2013 PSOE)Direcci\u00f3n: c\/Rafael Casanova, 195 08620 \u2013 Sant [&hellip;]\" \/>\n<meta property=\"og:url\" content=\"https:\/\/miguelcomino.cat\/es\/aviso-legal\/\" \/>\n<meta property=\"og:site_name\" content=\"Miguel Comino\" \/>\n<meta property=\"article:publisher\" content=\"https:\/\/www.facebook.com\/miguel.comino\/about\" \/>\n<meta property=\"article:modified_time\" content=\"2023-03-02T17:55:50+00:00\" \/>\n<meta name=\"twitter:card\" content=\"summary_large_image\" \/>\n<meta name=\"twitter:label1\" content=\"Tiempo de lectura\" \/>\n\t<meta name=\"twitter:data1\" content=\"4 minutos\" \/>\n<script type=\"application\/ld+json\" class=\"yoast-schema-graph\">{\"@context\":\"https:\/\/schema.org\",\"@graph\":[{\"@type\":\"WebPage\",\"@id\":\"https:\/\/miguelcomino.cat\/es\/aviso-legal\/\",\"url\":\"https:\/\/miguelcomino.cat\/es\/aviso-legal\/\",\"name\":\"Aviso Legal - Miguel Comino\",\"isPartOf\":{\"@id\":\"https:\/\/miguelcomino.cat\/es\/#website\"},\"datePublished\":\"2023-03-02T17:53:14+00:00\",\"dateModified\":\"2023-03-02T17:55:50+00:00\",\"breadcrumb\":{\"@id\":\"https:\/\/miguelcomino.cat\/es\/aviso-legal\/#breadcrumb\"},\"inLanguage\":\"es\",\"potentialAction\":[{\"@type\":\"ReadAction\",\"target\":[\"https:\/\/miguelcomino.cat\/es\/aviso-legal\/\"]}]},{\"@type\":\"BreadcrumbList\",\"@id\":\"https:\/\/miguelcomino.cat\/es\/aviso-legal\/#breadcrumb\",\"itemListElement\":[{\"@type\":\"ListItem\",\"position\":1,\"name\":\"Portada\",\"item\":\"https:\/\/miguelcomino.cat\/es\/\"},{\"@type\":\"ListItem\",\"position\":2,\"name\":\"Aviso Legal\"}]},{\"@type\":\"WebSite\",\"@id\":\"https:\/\/miguelcomino.cat\/es\/#website\",\"url\":\"https:\/\/miguelcomino.cat\/es\/\",\"name\":\"Miguel Comino\",\"description\":\"Alcalde\",\"publisher\":{\"@id\":\"https:\/\/miguelcomino.cat\/es\/#\/schema\/person\/4ecf1a3fec86aedb7db8e31067c9ffaf\"},\"potentialAction\":[{\"@type\":\"SearchAction\",\"target\":{\"@type\":\"EntryPoint\",\"urlTemplate\":\"https:\/\/miguelcomino.cat\/es\/?s={search_term_string}\"},\"query-input\":{\"@type\":\"PropertyValueSpecification\",\"valueRequired\":true,\"valueName\":\"search_term_string\"}}],\"inLanguage\":\"es\"},{\"@type\":[\"Person\",\"Organization\"],\"@id\":\"https:\/\/miguelcomino.cat\/es\/#\/schema\/person\/4ecf1a3fec86aedb7db8e31067c9ffaf\",\"name\":\"Miguel Comino\",\"image\":{\"@type\":\"ImageObject\",\"inLanguage\":\"es\",\"@id\":\"https:\/\/miguelcomino.cat\/es\/#\/schema\/person\/image\/\",\"url\":\"https:\/\/miguelcomino.cat\/wp-content\/uploads\/2023\/05\/003.png\",\"contentUrl\":\"https:\/\/miguelcomino.cat\/wp-content\/uploads\/2023\/05\/003.png\",\"width\":922,\"height\":572,\"caption\":\"Miguel Comino\"},\"logo\":{\"@id\":\"https:\/\/miguelcomino.cat\/es\/#\/schema\/person\/image\/\"},\"sameAs\":[\"https:\/\/www.facebook.com\/miguel.comino\/about\",\"https:\/\/www.instagram.com\/miguelcomino\/\"]}]}<\/script>\n<!-- \/ Yoast SEO plugin. -->","yoast_head_json":{"title":"Aviso Legal - Miguel Comino","robots":{"index":"index","follow":"follow","max-snippet":"max-snippet:-1","max-image-preview":"max-image-preview:large","max-video-preview":"max-video-preview:-1"},"canonical":"https:\/\/miguelcomino.cat\/es\/aviso-legal\/","og_locale":"es_ES","og_type":"article","og_title":"Aviso Legal - Miguel Comino","og_description":"1.- Titularidad:&nbsp;Para dar cumplimiento con la Ley 34\/2002 de 11 de julio, de Servicios de la Sociedad de la informaci\u00f3n y de Comercio Electr\u00f3nico, a continuaci\u00f3n se especifican los datos de informaci\u00f3n general sobre la titularidad de \u00e9sta Web: Titular: PARTIDO DE LOS SOCIALISTAS DE CATALU\u00d1A (PSC \u2013 PSOE)Direcci\u00f3n: c\/Rafael Casanova, 195 08620 \u2013 Sant [&hellip;]","og_url":"https:\/\/miguelcomino.cat\/es\/aviso-legal\/","og_site_name":"Miguel Comino","article_publisher":"https:\/\/www.facebook.com\/miguel.comino\/about","article_modified_time":"2023-03-02T17:55:50+00:00","twitter_card":"summary_large_image","twitter_misc":{"Tiempo de lectura":"4 minutos"},"schema":{"@context":"https:\/\/schema.org","@graph":[{"@type":"WebPage","@id":"https:\/\/miguelcomino.cat\/es\/aviso-legal\/","url":"https:\/\/miguelcomino.cat\/es\/aviso-legal\/","name":"Aviso Legal - Miguel Comino","isPartOf":{"@id":"https:\/\/miguelcomino.cat\/es\/#website"},"datePublished":"2023-03-02T17:53:14+00:00","dateModified":"2023-03-02T17:55:50+00:00","breadcrumb":{"@id":"https:\/\/miguelcomino.cat\/es\/aviso-legal\/#breadcrumb"},"inLanguage":"es","potentialAction":[{"@type":"ReadAction","target":["https:\/\/miguelcomino.cat\/es\/aviso-legal\/"]}]},{"@type":"BreadcrumbList","@id":"https:\/\/miguelcomino.cat\/es\/aviso-legal\/#breadcrumb","itemListElement":[{"@type":"ListItem","position":1,"name":"Portada","item":"https:\/\/miguelcomino.cat\/es\/"},{"@type":"ListItem","position":2,"name":"Aviso Legal"}]},{"@type":"WebSite","@id":"https:\/\/miguelcomino.cat\/es\/#website","url":"https:\/\/miguelcomino.cat\/es\/","name":"Miguel Comino","description":"Alcalde","publisher":{"@id":"https:\/\/miguelcomino.cat\/es\/#\/schema\/person\/4ecf1a3fec86aedb7db8e31067c9ffaf"},"potentialAction":[{"@type":"SearchAction","target":{"@type":"EntryPoint","urlTemplate":"https:\/\/miguelcomino.cat\/es\/?s={search_term_string}"},"query-input":{"@type":"PropertyValueSpecification","valueRequired":true,"valueName":"search_term_string"}}],"inLanguage":"es"},{"@type":["Person","Organization"],"@id":"https:\/\/miguelcomino.cat\/es\/#\/schema\/person\/4ecf1a3fec86aedb7db8e31067c9ffaf","name":"Miguel Comino","image":{"@type":"ImageObject","inLanguage":"es","@id":"https:\/\/miguelcomino.cat\/es\/#\/schema\/person\/image\/","url":"https:\/\/miguelcomino.cat\/wp-content\/uploads\/2023\/05\/003.png","contentUrl":"https:\/\/miguelcomino.cat\/wp-content\/uploads\/2023\/05\/003.png","width":922,"height":572,"caption":"Miguel Comino"},"logo":{"@id":"https:\/\/miguelcomino.cat\/es\/#\/schema\/person\/image\/"},"sameAs":["https:\/\/www.facebook.com\/miguel.comino\/about","https:\/\/www.instagram.com\/miguelcomino\/"]}]}},"_links":{"self":[{"href":"https:\/\/miguelcomino.cat\/es\/wp-json\/wp\/v2\/pages\/3515","targetHints":{"allow":["GET"]}}],"collection":[{"href":"https:\/\/miguelcomino.cat\/es\/wp-json\/wp\/v2\/pages"}],"about":[{"href":"https:\/\/miguelcomino.cat\/es\/wp-json\/wp\/v2\/types\/page"}],"author":[{"embeddable":true,"href":"https:\/\/miguelcomino.cat\/es\/wp-json\/wp\/v2\/users\/1"}],"replies":[{"embeddable":true,"href":"https:\/\/miguelcomino.cat\/es\/wp-json\/wp\/v2\/comments?post=3515"}],"version-history":[{"count":1,"href":"https:\/\/miguelcomino.cat\/es\/wp-json\/wp\/v2\/pages\/3515\/revisions"}],"predecessor-version":[{"id":3516,"href":"https:\/\/miguelcomino.cat\/es\/wp-json\/wp\/v2\/pages\/3515\/revisions\/3516"}],"wp:attachment":[{"href":"https:\/\/miguelcomino.cat\/es\/wp-json\/wp\/v2\/media?parent=3515"}],"curies":[{"name":"wp","href":"https:\/\/api.w.org\/{rel}","templated":true}]}}