{"id":3511,"date":"2023-03-02T18:48:01","date_gmt":"2023-03-02T17:48:01","guid":{"rendered":"https:\/\/miguelcomino.cat\/?page_id=3511"},"modified":"2023-03-02T18:57:49","modified_gmt":"2023-03-02T17:57:49","slug":"politica-de-cookies","status":"publish","type":"page","link":"https:\/\/miguelcomino.cat\/es\/politica-de-cookies\/","title":{"rendered":"Pol\u00edtica de Cookies"},"content":{"rendered":"\n<p>En cumplimiento de la \u00abLey de Servicios de la Sociedad de la Informaci\u00f3n y Comercio Electr\u00f3nico\u00bb (LSSICE), es de Obligaci\u00f3n obtener el Consentimiento expreso del usuario de Todas las p\u00e1ginas web que usan cookies prescindibles, antes de que \u00e9ste navegue por ellas.<\/p>\n\n\n\n<p>En consecuencia, a continuaci\u00f3n, explicamos qu\u00e9 son las cookies, para qu\u00e9 sirven, y c\u00f3mo Reducir texto configurarlas o desactivarlas si as\u00ed lo desea. Adem\u00e1s, le informamos de los tipos de cookies que existen, y con qu\u00e9 finalidad se usan.<\/p>\n\n\n\n<p>En www.socialistes.cat utilizamos cookies para garantizado el Funcionamiento de nuestra web, as\u00ed como para mejor sobre Contenidos a trav\u00e9s del an\u00e1lisis de los H\u00e1bitos de navegaci\u00f3n de los usuarios.<\/p>\n\n\n\n<p><strong><br>\u00bfQU\u00c9 SON LAS COOKIES?<\/strong><br>Una cookie es un peque\u00f1o fichero de texto que se almacena en super navegador Cuando visita algunas p\u00e1ginas web. Su funciones es recuperar informaci\u00f3n Acerca de sobre visitantes. Las cookies Suelen almacenar informaci\u00f3n de car\u00e1cter t\u00e9cnico, preferencias personales, personalizaci\u00f3n de contenidos, estad\u00edsticas de uso, enlaces a redes sociales, acceso a cuentas de usuario, etc. El Objetivo de la cookie se adaptar el contenido de la web en super perfil y Necesidades. Sin cookies los servicios ofrecidos por cualquier p\u00e1gina se verian mermados notablemente.<\/p>\n\n\n\n<p><strong>\u00bfQU\u00c9 TIPOS DE COOKIES existente?<\/strong><\/p>\n\n\n\n<p><strong>1) Seg\u00fan la Entidad que las gestione<\/strong><br>Seg\u00fan qui\u00e9n sea la Entidad que gestione el equipo o dominio desde donde se Env\u00edanos las cookies y tra los datos que se obtengan, Podemos distinguir:<\/p>\n\n\n\n<p>a)&nbsp;<strong>Cookies propias<\/strong>: Son aquellas que se Env\u00edanos el equipo terminal del usuario desde un equipo o dominio gestionado por el propio editor y desde el que se presta el Servicio concesi\u00f3n Data concesi\u00f3 miedo el usuario.<\/p>\n\n\n\n<p>b)&nbsp;<strong>Cookies de terceros:<\/strong>&nbsp;son aquellas que se Env\u00edanos el equipo terminal del usuario desde un equipo o dominio que no se gestionado por el editor, sino miedo otra Entidad que trata los datos obtenidos a trav\u00e9s de las cookies.<\/p>\n\n\n\n<p>En el caso de que las cookies Sean servidas desde un equipo o dominio gestionado por el propio editor, pero la informaci\u00f3n que se recojen mediante estar\u00eda sea gestionada por un tercero, no pueder ser consideradas como cookies Propias si el tercero las utiliza para sobre Propias finalidades , por Ejemplo, la mejor de los servicios que presta o la prestaci\u00f3n de servicios de car\u00e1cter publicitario a favor de Otras Entidades.<\/p>\n\n\n\n<p><strong>2) Seg\u00fan sume finalidad<\/strong><br>Los datos obtenidos a trav\u00e9s de las cookies se pueder tratar para algunas de las Siguientes finalidades:<\/p>\n\n\n\n<p><strong>a) Cookies t\u00e9cnicas:<\/strong>&nbsp;son aquellas que permita al usuario la navegaci\u00f3n a trav\u00e9s de una p\u00e1gina web, plataforma o aplicaci\u00f3 y la utilizaci\u00f3n de las diferentes opciones o servicios que en ella existan, incluy\u00e9ndo aquellas que el editor utiliza para permitirnos la gesti\u00f3n y operativa de la p\u00e1gina web y habilitar sobre funciones y servicios, por Ejemplo, controlar el tr\u00e1fico y la comunicaci\u00f3n de datos, identificar la sesi\u00f3n, acceder a zonas restringidas, recordar los elementos que integran un pedido, realizar el Proceso de compra de un pedido, gestionar el pago, controlar el fraude vinculaci\u00f3n a la seguridad del Servicio, realizar la solicitud de inscripci\u00f3n o participaci\u00f3n en un evento, contar visitas a gama de proyectores la facturaci\u00f3n licencias del software con el que funciona el Servicio (sitio web, plataforma o aplicaci\u00f3), utilizar Elementos de seguridad durant la navegaci\u00f3n, almacenar Contenidos para la difusi\u00f3n de v\u00eddeos o sonido, habilitar Contenidos din\u00e1micos o compartir Contenidos a trav\u00e9s de redes sociales. Tambi\u00e9n pertenec\u00eda a esta categor\u00eda, por sume naturaleza t\u00e9cnica, aquellas cookies que permita la gesti\u00f3n, de la forma m\u00e1s eficaz posible, de los Espacios publicitarios que, como un elemento m\u00e1s de dise\u00f1o o \u00abmaquetaci\u00f3n\u00bb del Servicio ofrecido al usuario, el editor Haya incluido en una p\u00e1gina web, aplicaci\u00f3 o plataforma basandose en Criterios como el contenido editada, sin que se recopile informaci\u00f3n de los usuarios con finas distintos, como Puede ser personalizar ese contenido publicitario u Otros Contenidos. Las cookies t\u00e9cnicas estar\u00e1n exceptuadas del cumplimiento de las obligaciones establecidas en el art\u00edculo 22.2 de la LSSI Cuando permitan prestar el Servicio concesi\u00f3n Data concesi\u00f3 miedo el usuario, como ocurria en el caso de las cookies enumeradas en los parrafos anteriores. Sin embargo, si estas cookies se utilizan tamb\u00e9 para finalidades no exentas quedar\u00e1n sujetas a dichas obligaciones.<\/p>\n\n\n\n<p><strong>b) Cookies de preferencias o personalizaci\u00f3n:<\/strong>&nbsp;son aquellas que permitan recordar informaci\u00f3n para que el usuario acceder al Servicio con determinadas caracter\u00edsticas que puedo diferenciar sume experiencia de la de Otros usuarios, por Ejemplo, el idioma, el n\u00famero de resultados a mostrar Cuando el usuario realiza una b\u00fasqueda, el aspectos o contenido del Servicio en funciones del tipo de navegador a trav\u00e9s del cual el usuario Accede al Servicio o de la regi\u00f3n desde la que Accede al Servicio, etc. Si es el propio usuario qui\u00e9n Elige esas caracter\u00edsticas, por Ejemplo, si selecciona el idioma de un sitio web clicando en el icono de la bandera del pa\u00eds corres\u00c2pondiente, las cookies estar\u00e1n exceptuadas de las obligaciones del art\u00edculo 22.2 de la LSSI miedo considerarse un Servicio expresamente concesi\u00f3n Data concesi\u00f3 miedo el usuario, siempre y Cuando las cookies obedezcan exclusivamente a la finalidad seleccionada.<\/p>\n\n\n\n<p><strong>c) Cookies de an\u00e1lisis o medici\u00f3n:<\/strong>&nbsp;son aquellas que permita al responsable de la misma, el Seguimiento y an\u00e1lisis del Comportamiento de los usuarios de los Sitios Web a los que est\u00e1n vinculadas, incluida la cuantificaci\u00f3n de los Impactos de los anuncios. La informaci\u00f3n recogida mediante este tipo de cookies se utiliza en la medici\u00f3n de la actividad de los Sitios Web, aplicaci\u00f3 o plataforma, con el fin de introducir Mejoras en funciones del an\u00e1lisis de los datos de uso que Hacen los usuarios del Servicio. Respecto al Tratamiento de datos recabados a trav\u00e9s de las cookies de an\u00e1lisis, el GT29 manifiesto que, a pesar de que no est\u00e1n exentas del deber de obtener un consentimiento informado para sume uso, es poco probable que representan un Merkel para la privacidad de los usuarios siempre que se tra te de cookies de primera Parte, que Trat datos agregados con una finalidad estrictamente estad\u00edstica, que se facilite informaci\u00f3n sobre sobre usos y se incluya la POSIBILIDAD de que los usuarios manifiestan sume negativa sobre sume UTILIZACION.<\/p>\n\n\n\n<p><strong>d) Cookies de publicidad comportamental:<\/strong>&nbsp;son aquellas que almacenan informaci\u00f3n del Comportamiento de los usuarios obtenida a trav\u00e9s de la Observaci\u00f3n continuada de sobre H\u00e1bitos de navegaci\u00f3n, el cual Permite que desarrollar un perfil espec\u00edfico para mostrar publicidad en Funciones de \u00e9ste.<\/p>\n\n\n\n<p>En todo caso, se Importante tener en Cuenta que estas tipolog\u00edas se ofrec\u00eda a t\u00edtulo orientativo puede ser las m\u00e1s habituales. Los editores y los Terceros podr\u00e1n realizar las categorizaciones que mejor se ajustan a las finalidades de las cookies que utilizan, de forma que se respeto el principio de transparencia frente a los usuarios.<\/p>\n\n\n\n<p><strong>3) Seg\u00fan el Plaza de tiempo que permanecen activadas<\/strong><br>Seg\u00fan el plazo de tiempo que permanecen activadas en el equipo terminal podemos distinguir:<\/p>\n\n\n\n<p><strong>a) Cookies de sesi\u00f3n:<\/strong>&nbsp;son aquellas dise\u00f1adas para recabar y almacenar datos Mientras el usuario Accede a una p\u00e1gina web. Se Suelen emplear para almacenar informaci\u00f3n que solo interesa conservar para la prestaci\u00f3n del Servicio concesi\u00f3n Data concesi\u00f3 miedo el usuario en una sola OCASI\u00d3N, miedo Ejemplo, una lista de productos adquiridos, y que por tan Desaparecer al terminar la sesi\u00f3n.<\/p>\n\n\n\n<p><strong>b) Cookies persistentes:<\/strong>&nbsp;son aquellas en las que los datos sean almacenados en el terminal y pueder ser accedidos y Tratados durant un periodo definido por el responsable de la cookie, y que Reducir texto &lt;br&gt; ir de Unos minutos a varios a\u00f1os.<\/p>\n\n\n\n<p><strong><br>\u00bfQU\u00c9 COOKIES UTILIZAMOS?<\/strong><br>A continuaci\u00f3n, explicamos qu\u00e9 cookies se utilizan en nuestra web, as\u00ed como sobre caracter\u00edsticas:<\/p>\n\n\n\n<figure class=\"wp-block-table\"><table><thead><tr><th scope=\"col\">COOKIES<\/th><th scope=\"col\">DESCRIPCI\u00d3N<\/th><\/tr><\/thead><tbody><tr><th>Google Analytics<\/th><\/tr><tr><td>_gat_gtag_UA_21476889_1<\/td><td>Google usa esta cookie para distinguir a los usuarios.<\/td><\/tr><tr><td>_gid<\/td><td>Esta cookie es instalada por Google Analytics. La cookie se utiliza para almacenar informaci\u00f3n sobre c\u00f3mo los visitantes usan un sitio web y ayuda a crear un informe anal\u00edtico de c\u00f3mo funciona el sitio web. Los datos recopilados, incluidos el n\u00famero de visitantes, la fuente de donde provienen y las p\u00e1ginas, aparecieron de forma an\u00f3nima.<\/td><\/tr><tr><td>_ga<\/td><td>This cookie is installed by Google Analytics. The cookie is used to calculate visitor, session, camapign fecha and keep track of site usage for the site s analytics report. The cookies store information anonymously and asignado a randoly generated number to identify unique visitors.<\/td><\/tr><tr><td>GPS<\/td><td>YouTube configura esta cookie y registra una identificaci\u00f3n \u00fanica para rastrear a los usuarios en funci\u00f3n de su ubicaci\u00f3n geogr\u00e1fica<\/td><\/tr><tr><th>Publicidad<\/th><\/tr><tr><td>IDE<\/td><td>Utilizado por Google DoubleClick y almacena informaci\u00f3n sobre c\u00f3mo el usuario usa el sitio web y cualquier otro anuncio antes de visitar el sitio web. Esto se utiliza para presentar a los usuarios anuncios que les sean relevantes seg\u00fan el perfil del usuario.<\/td><\/tr><tr><td>VISITOR_INFO1_LIVE<\/td><td>Esta cookie es establecida por Youtube. Se utiliza para rastrear la informaci\u00f3n de los videos incrustados de YouTube en un sitio web.<\/td><\/tr><tr><th>rendimiento<\/th><\/tr><tr><td>YSC<\/td><td>YouTube configura estas cookies y se utiliza para rastrear las vistas de videos incrustados.<\/td><\/tr><tr><th>Funcionales<\/th><\/tr><tr><td>medio<\/td><td>The cookie is septiembre by Instagram. The cookie is used to distinguish users and to show relevante contento, for better user experience and security.<\/td><\/tr><\/tbody><\/table><\/figure>\n\n\n\n<p><strong>\u00bfC\u00d3MO CONFIGURAR LAS COOKIES?<\/strong><br>Puede aceptar o Rechazar el uso de cookies a trav\u00e9s del centro de configuraci\u00f3n de cookies. (Link)<br>Para poder acceder al centro de configuraci\u00f3n el podr\u00e1 acero desde el mensaje de informaci\u00f3n b\u00e1sica o desde el link que aparece en este apartada de la pol\u00edtica. En este centro podr\u00e1 consentir y \/ o retirar un Consentimiento anterior sobre el uso de las cookies.<br>Debe tener en Cuenta que la revocaci\u00f3n de cookies de Terceros no conllevar la eliminaci\u00f3n de las ya existentes. Esta acci\u00f3n la debera acero mediante la configuraci\u00f3n de super navegador.<\/p>\n\n\n\n<p><strong>Configuraci\u00f3n del navegador<\/strong><\/p>\n\n\n\n<p><strong>Chrome<\/strong><br><a href=\"http:\/\/support.google.com\/chrome\/answer\/95647?hl=es\">http:\/\/support.google.com\/chrome\/answer\/95647?hl=es<\/a><\/p>\n\n\n\n<p><strong>Internet Explorer<\/strong><br><a href=\"https:\/\/support.microsoft.com\/es-es\/kb\/278835\">https:\/\/support.microsoft.com\/es-es\/kb\/278835<\/a><\/p>\n\n\n\n<p><strong>Firefox<\/strong><br><a href=\"https:\/\/www.mozilla.org\/es-ES\/privacy\/websites\/#cookies\">https:\/\/www.mozilla.org\/es-ES\/privacy\/websites\/#cookies<\/a><\/p>\n\n\n\n<p><strong>safari Versi\u00f3n<\/strong><br><a href=\"http:\/\/support.apple.com\/kb\/PH5042\">http:\/\/support.apple.com\/kb\/PH5042<\/a><\/p>\n\n\n\n<p><strong>Opera<\/strong><br><a href=\"https:\/\/help.opera.com\/en\/latest\/web-preferences\/\">https:\/\/help.opera.com\/en\/latest\/web-preferences\/<\/a><\/p>\n\n\n\n<p><strong>Otros navegadores<\/strong><br>Consulte la documentaci\u00f3n del navegador que entienda instalada.<\/p>\n\n\n\n<p><strong>NOTAS ADICIONALES<\/strong><\/p>\n\n\n\n<ol class=\"wp-block-list\">\n<li>Esta web y sus representantes legales de no se Hacen responsables del contenido ni de la veracidad de las pol\u00edticas de privacidad que puedan tener los Terceros mencionados en esta pol\u00edtica de cookies.<\/li>\n\n\n\n<li>Los navegadores web son las herramientas encargadas de almacenar las cookies y desde este Lugar Debe efectuar sume derecho eliminacion o desactivaci\u00f3n. Ni esta web ni sobre representantes legales de pueder garantizando la correcta o incorrecta manipulaci\u00f3n de las cookies a parte del portal los mencionados navegadores.<\/li>\n\n\n\n<li>En Algunos casos se Necesario instalar cookies para que el navegador no olvide sume decisi\u00f3n de no Aceptaci\u00f3n.<\/li>\n\n\n\n<li>En caso de las cookies de Google Analytics, esta empresa almacena las cookies en servidoras ubicados en Estados Unidos y se comprometi\u00f3 a no compartirla con Terceros, excepto en los casos en los que sea Necesario para el Funcionamiento del sistema o Cuando la ley obligue a tal efecto. Seg\u00fan Google no guarda sume direcci\u00f3n IP. Google Inc. es una compa\u00f1\u00eda adherida al Acuerdo de Puerto Seguro que Garantiza que todos los datos transferidos ser\u00e1n Tratados con un nivel de protecci\u00f3n acorde a la normativa europea. Si guarda informaci\u00f3n sobre el uso que Google da a las cookies le adjuntamos este Otro enlace.<\/li>\n<\/ol>\n\n\n\n<p>Para cualquier duda o consulta Acerca de esta pol\u00edtica de cookies no dude en comunicarse con nosotros utilizando cualquiera de los M\u00e9todos de contacto que figuran al pie de esta p\u00e1gina web.<\/p>\n","protected":false},"excerpt":{"rendered":"<p>En cumplimiento de la \u00abLey de Servicios de la Sociedad de la Informaci\u00f3n y Comercio Electr\u00f3nico\u00bb (LSSICE), es de Obligaci\u00f3n obtener el Consentimiento expreso del usuario de Todas las p\u00e1ginas web que usan cookies prescindibles, antes de que \u00e9ste navegue por ellas. En consecuencia, a continuaci\u00f3n, explicamos qu\u00e9 son las cookies, para qu\u00e9 sirven, y [&hellip;]<\/p>\n","protected":false},"author":1,"featured_media":0,"parent":0,"menu_order":0,"comment_status":"closed","ping_status":"closed","template":"","meta":{"footnotes":""},"class_list":["post-3511","page","type-page","status-publish","hentry"],"yoast_head":"<!-- This site is optimized with the Yoast SEO plugin v24.6 - https:\/\/yoast.com\/wordpress\/plugins\/seo\/ -->\n<title>Pol\u00edtica de Cookies - Miguel Comino<\/title>\n<meta name=\"robots\" content=\"index, follow, max-snippet:-1, max-image-preview:large, max-video-preview:-1\" \/>\n<link rel=\"canonical\" href=\"https:\/\/miguelcomino.cat\/es\/politica-de-cookies\/\" \/>\n<meta property=\"og:locale\" content=\"es_ES\" \/>\n<meta property=\"og:type\" content=\"article\" \/>\n<meta property=\"og:title\" content=\"Pol\u00edtica de Cookies - Miguel Comino\" \/>\n<meta property=\"og:description\" content=\"En cumplimiento de la \u00abLey de Servicios de la Sociedad de la Informaci\u00f3n y Comercio Electr\u00f3nico\u00bb (LSSICE), es de Obligaci\u00f3n obtener el Consentimiento expreso del usuario de Todas las p\u00e1ginas web que usan cookies prescindibles, antes de que \u00e9ste navegue por ellas. En consecuencia, a continuaci\u00f3n, explicamos qu\u00e9 son las cookies, para qu\u00e9 sirven, y [&hellip;]\" \/>\n<meta property=\"og:url\" content=\"https:\/\/miguelcomino.cat\/es\/politica-de-cookies\/\" \/>\n<meta property=\"og:site_name\" content=\"Miguel Comino\" \/>\n<meta property=\"article:publisher\" content=\"https:\/\/www.facebook.com\/miguel.comino\/about\" \/>\n<meta property=\"article:modified_time\" content=\"2023-03-02T17:57:49+00:00\" \/>\n<meta name=\"twitter:card\" content=\"summary_large_image\" \/>\n<meta name=\"twitter:label1\" content=\"Tiempo de lectura\" \/>\n\t<meta name=\"twitter:data1\" content=\"9 minutos\" \/>\n<script type=\"application\/ld+json\" class=\"yoast-schema-graph\">{\"@context\":\"https:\/\/schema.org\",\"@graph\":[{\"@type\":\"WebPage\",\"@id\":\"https:\/\/miguelcomino.cat\/es\/politica-de-cookies\/\",\"url\":\"https:\/\/miguelcomino.cat\/es\/politica-de-cookies\/\",\"name\":\"Pol\u00edtica de Cookies - Miguel Comino\",\"isPartOf\":{\"@id\":\"https:\/\/miguelcomino.cat\/es\/#website\"},\"datePublished\":\"2023-03-02T17:48:01+00:00\",\"dateModified\":\"2023-03-02T17:57:49+00:00\",\"breadcrumb\":{\"@id\":\"https:\/\/miguelcomino.cat\/es\/politica-de-cookies\/#breadcrumb\"},\"inLanguage\":\"es\",\"potentialAction\":[{\"@type\":\"ReadAction\",\"target\":[\"https:\/\/miguelcomino.cat\/es\/politica-de-cookies\/\"]}]},{\"@type\":\"BreadcrumbList\",\"@id\":\"https:\/\/miguelcomino.cat\/es\/politica-de-cookies\/#breadcrumb\",\"itemListElement\":[{\"@type\":\"ListItem\",\"position\":1,\"name\":\"Portada\",\"item\":\"https:\/\/miguelcomino.cat\/es\/\"},{\"@type\":\"ListItem\",\"position\":2,\"name\":\"Pol\u00edtica de Cookies\"}]},{\"@type\":\"WebSite\",\"@id\":\"https:\/\/miguelcomino.cat\/es\/#website\",\"url\":\"https:\/\/miguelcomino.cat\/es\/\",\"name\":\"Miguel Comino\",\"description\":\"Alcalde\",\"publisher\":{\"@id\":\"https:\/\/miguelcomino.cat\/es\/#\/schema\/person\/4ecf1a3fec86aedb7db8e31067c9ffaf\"},\"potentialAction\":[{\"@type\":\"SearchAction\",\"target\":{\"@type\":\"EntryPoint\",\"urlTemplate\":\"https:\/\/miguelcomino.cat\/es\/?s={search_term_string}\"},\"query-input\":{\"@type\":\"PropertyValueSpecification\",\"valueRequired\":true,\"valueName\":\"search_term_string\"}}],\"inLanguage\":\"es\"},{\"@type\":[\"Person\",\"Organization\"],\"@id\":\"https:\/\/miguelcomino.cat\/es\/#\/schema\/person\/4ecf1a3fec86aedb7db8e31067c9ffaf\",\"name\":\"Miguel Comino\",\"image\":{\"@type\":\"ImageObject\",\"inLanguage\":\"es\",\"@id\":\"https:\/\/miguelcomino.cat\/es\/#\/schema\/person\/image\/\",\"url\":\"https:\/\/miguelcomino.cat\/wp-content\/uploads\/2023\/05\/003.png\",\"contentUrl\":\"https:\/\/miguelcomino.cat\/wp-content\/uploads\/2023\/05\/003.png\",\"width\":922,\"height\":572,\"caption\":\"Miguel Comino\"},\"logo\":{\"@id\":\"https:\/\/miguelcomino.cat\/es\/#\/schema\/person\/image\/\"},\"sameAs\":[\"https:\/\/www.facebook.com\/miguel.comino\/about\",\"https:\/\/www.instagram.com\/miguelcomino\/\"]}]}<\/script>\n<!-- \/ Yoast SEO plugin. -->","yoast_head_json":{"title":"Pol\u00edtica de Cookies - Miguel Comino","robots":{"index":"index","follow":"follow","max-snippet":"max-snippet:-1","max-image-preview":"max-image-preview:large","max-video-preview":"max-video-preview:-1"},"canonical":"https:\/\/miguelcomino.cat\/es\/politica-de-cookies\/","og_locale":"es_ES","og_type":"article","og_title":"Pol\u00edtica de Cookies - Miguel Comino","og_description":"En cumplimiento de la \u00abLey de Servicios de la Sociedad de la Informaci\u00f3n y Comercio Electr\u00f3nico\u00bb (LSSICE), es de Obligaci\u00f3n obtener el Consentimiento expreso del usuario de Todas las p\u00e1ginas web que usan cookies prescindibles, antes de que \u00e9ste navegue por ellas. En consecuencia, a continuaci\u00f3n, explicamos qu\u00e9 son las cookies, para qu\u00e9 sirven, y [&hellip;]","og_url":"https:\/\/miguelcomino.cat\/es\/politica-de-cookies\/","og_site_name":"Miguel Comino","article_publisher":"https:\/\/www.facebook.com\/miguel.comino\/about","article_modified_time":"2023-03-02T17:57:49+00:00","twitter_card":"summary_large_image","twitter_misc":{"Tiempo de lectura":"9 minutos"},"schema":{"@context":"https:\/\/schema.org","@graph":[{"@type":"WebPage","@id":"https:\/\/miguelcomino.cat\/es\/politica-de-cookies\/","url":"https:\/\/miguelcomino.cat\/es\/politica-de-cookies\/","name":"Pol\u00edtica de Cookies - Miguel Comino","isPartOf":{"@id":"https:\/\/miguelcomino.cat\/es\/#website"},"datePublished":"2023-03-02T17:48:01+00:00","dateModified":"2023-03-02T17:57:49+00:00","breadcrumb":{"@id":"https:\/\/miguelcomino.cat\/es\/politica-de-cookies\/#breadcrumb"},"inLanguage":"es","potentialAction":[{"@type":"ReadAction","target":["https:\/\/miguelcomino.cat\/es\/politica-de-cookies\/"]}]},{"@type":"BreadcrumbList","@id":"https:\/\/miguelcomino.cat\/es\/politica-de-cookies\/#breadcrumb","itemListElement":[{"@type":"ListItem","position":1,"name":"Portada","item":"https:\/\/miguelcomino.cat\/es\/"},{"@type":"ListItem","position":2,"name":"Pol\u00edtica de Cookies"}]},{"@type":"WebSite","@id":"https:\/\/miguelcomino.cat\/es\/#website","url":"https:\/\/miguelcomino.cat\/es\/","name":"Miguel Comino","description":"Alcalde","publisher":{"@id":"https:\/\/miguelcomino.cat\/es\/#\/schema\/person\/4ecf1a3fec86aedb7db8e31067c9ffaf"},"potentialAction":[{"@type":"SearchAction","target":{"@type":"EntryPoint","urlTemplate":"https:\/\/miguelcomino.cat\/es\/?s={search_term_string}"},"query-input":{"@type":"PropertyValueSpecification","valueRequired":true,"valueName":"search_term_string"}}],"inLanguage":"es"},{"@type":["Person","Organization"],"@id":"https:\/\/miguelcomino.cat\/es\/#\/schema\/person\/4ecf1a3fec86aedb7db8e31067c9ffaf","name":"Miguel Comino","image":{"@type":"ImageObject","inLanguage":"es","@id":"https:\/\/miguelcomino.cat\/es\/#\/schema\/person\/image\/","url":"https:\/\/miguelcomino.cat\/wp-content\/uploads\/2023\/05\/003.png","contentUrl":"https:\/\/miguelcomino.cat\/wp-content\/uploads\/2023\/05\/003.png","width":922,"height":572,"caption":"Miguel Comino"},"logo":{"@id":"https:\/\/miguelcomino.cat\/es\/#\/schema\/person\/image\/"},"sameAs":["https:\/\/www.facebook.com\/miguel.comino\/about","https:\/\/www.instagram.com\/miguelcomino\/"]}]}},"_links":{"self":[{"href":"https:\/\/miguelcomino.cat\/es\/wp-json\/wp\/v2\/pages\/3511","targetHints":{"allow":["GET"]}}],"collection":[{"href":"https:\/\/miguelcomino.cat\/es\/wp-json\/wp\/v2\/pages"}],"about":[{"href":"https:\/\/miguelcomino.cat\/es\/wp-json\/wp\/v2\/types\/page"}],"author":[{"embeddable":true,"href":"https:\/\/miguelcomino.cat\/es\/wp-json\/wp\/v2\/users\/1"}],"replies":[{"embeddable":true,"href":"https:\/\/miguelcomino.cat\/es\/wp-json\/wp\/v2\/comments?post=3511"}],"version-history":[{"count":4,"href":"https:\/\/miguelcomino.cat\/es\/wp-json\/wp\/v2\/pages\/3511\/revisions"}],"predecessor-version":[{"id":3519,"href":"https:\/\/miguelcomino.cat\/es\/wp-json\/wp\/v2\/pages\/3511\/revisions\/3519"}],"wp:attachment":[{"href":"https:\/\/miguelcomino.cat\/es\/wp-json\/wp\/v2\/media?parent=3511"}],"curies":[{"name":"wp","href":"https:\/\/api.w.org\/{rel}","templated":true}]}}