{"id":3274,"date":"2023-02-15T17:54:10","date_gmt":"2023-02-15T16:54:10","guid":{"rendered":"https:\/\/miguelcomino.cat\/?page_id=3274"},"modified":"2023-05-16T13:44:31","modified_gmt":"2023-05-16T11:44:31","slug":"ciudad-moderna-de-progreso-y-participativa","status":"publish","type":"page","link":"https:\/\/miguelcomino.cat\/es\/programa\/ciudad-moderna-de-progreso-y-participativa\/","title":{"rendered":"Ciudad moderna de progreso y participativa"},"content":{"rendered":"<div class=\"wpb-content-wrapper\"><p>[vc_row full_width=\u00bbstretch_row\u00bb gap=\u00bb30&#8243; full_height=\u00bbyes\u00bb equal_height=\u00bbyes\u00bb css=\u00bb.vc_custom_1676849751538{margin-top: 60px !important;}\u00bb][vc_column offset=\u00bbvc_col-lg-6 vc_col-md-6 vc_col-xs-12&#8243; css=\u00bb.vc_custom_1580036724999{padding-bottom: 30px !important;}\u00bb]<div id=\"ultimate-heading-764969e497cbec19c\" class=\"uvc-heading ult-adjust-bottom-margin ultimate-heading-764969e497cbec19c uvc-9717 accent-border-color\" data-hspacer=\"line_only\"  data-halign=\"left\" style=\"text-align:left\"><div class=\"uvc-main-heading ult-responsive\"  data-ultimate-target='.uvc-heading.ultimate-heading-764969e497cbec19c h2'  data-responsive-json-new='{\"font-size\":\"mobile_landscape:24px;\",\"line-height\":\"mobile_landscape:34px;\"}' ><h2 style=\"font-weight:bold;margin-bottom:15px;\">Ciudad moderna de progreso y participativa<\/h2><\/div><div class=\"uvc-heading-spacer line_only\" style=\"margin-bottom:30px;height:3px;\"><span class=\"uvc-headings-line\" style=\"border-style:solid;border-bottom-width:3px;border-color:;width:150px;\"><\/span><\/div><\/div>[vc_column_text css=\u00bb.vc_custom_1684234892316{padding-bottom: 20px !important;}\u00bb]<\/p>\n<ol>\n<li>Continuar ejecutando las segundas fases de los proyectos iniciados en este mandato<\/li>\n<li>Modernizaci\u00f3n de la plaza de la villa.<\/li>\n<li>Realizaci\u00f3n de un proceso participativo para definir el futuro de la plaza Narc\u00eds Lunes.<\/li>\n<li>Redacci\u00f3n del Plan de Acci\u00f3n Municipal durante el primer semestre del mandato y espacio permanente de valoraci\u00f3n y grado de consecuci\u00f3n.<\/li>\n<li>Acciones participativas previas a la elaboraci\u00f3n del presupuesto anual.<\/li>\n<li>Mantendremos a la audiencia p\u00fablica mensual una semana despu\u00e9s del Pleno.<\/li>\n<li>Consolidaremos la conferencia como espacio de rendimiento de cuentas anual sobre el estado del municipio.<\/li>\n<li>Consultas a la ciudadan\u00eda por los temas de especial relevancia en el municipio.<\/li>\n<li>Potenciar las tablas sectoriales.<\/li>\n<li>Colaborar activamente con las asociaciones vecinales.<\/li>\n<li>Realizar obras de adecuaci\u00f3n y modernizaci\u00f3n de los diferentes centros c\u00edvicos.<\/li>\n<li>Fortalecer Radio SVH y abrirla a la ciudadan\u00eda y las entidades.<\/li>\n<li>Respetar la conciliaci\u00f3n familiar en todas las actividades presenciales, ofreciendo un servicio de monitorizaci\u00f3n.<\/li>\n<li>Protocolo e informaci\u00f3n de bienvenida a la ciudad en distintos idiomas.<\/li>\n<li>Transparencia en todos los tr\u00e1mites de la administraci\u00f3n.<\/li>\n<li>Publicar los costes de los servicios y gastos municipales.<\/li>\n<li>Creaci\u00f3n del Consejo de Ciudad.<\/li>\n<li>Mejorar y transformar los concejales y las concejalas de barrio.<\/li>\n<li>Mejorar la Alcald\u00eda en los barrios.<\/li>\n<li>Mejorar la organizaci\u00f3n interna, consensuada con los grupos municipales y con los representantes de los trabajadores y trabajadoras.<\/li>\n<li>Priorizar la carrera profesional y fomentar la promoci\u00f3n interna.<\/li>\n<li>Fomentar y ayudar a la formaci\u00f3n continua de los trabajadores y trabajadoras.<\/li>\n<li>Impulsar y acelerar el proceso de afianzamiento de plazas.<\/li>\n<li>Fortalecer el di\u00e1logo social.<\/li>\n<li>Continuar implementado los \u201cpuntos lila\u201d en fiestas mayores y eventos nocturnos para ayudar e informar a las chicas que lo necesiten.<\/li>\n<li>Impulsar la red de mujeres emprendedoras.<\/li>\n<li>Aplicar el sello de buenas pr\u00e1cticas en las empresas y comercios comprometidos con la igualdad.<\/li>\n<li>Consolidar el SAI como punto de informaci\u00f3n y asesoramiento LGTBI.<\/li>\n<li>Campa\u00f1as permanentes contra la LGTB-fobia<\/li>\n<li>Plaza de la villa.<\/li>\n<li>Repensar el mercado de Sant Vicen\u00e7.<\/li>\n<li>Repensar las noches de cultura, para que sean intergeneracionales.<\/li>\n<li>Flexibilidad de usos y compatibilidad en los pol\u00edgonos industriales.<\/li>\n<li>Bolsas de aparcamiento.<\/li>\n<li>Construcci\u00f3n de 400 viviendas protegidas.<\/li>\n<li>Construcci\u00f3n de nuevo pabell\u00f3n con pistas de p\u00e1del.<\/li>\n<li>Repensar los grandes ejes comerciales: Vila Vella y las calles de Barcelona y del Moss\u00e8n Jacint Verdaguer.<\/li>\n<li>Potenciar el deporte femenino y con diversidad.<\/li>\n<li>Ampliaci\u00f3n del CEM.<\/li>\n<li>Mejora de pistas de los barrios.<\/li>\n<li>Trabajar en un proyecto para realizar el deporte infantil gratuito.<\/li>\n<li>Creaci\u00f3n de una plataforma por la tramitaci\u00f3n y gesti\u00f3n de convenios y subvenciones.<\/li>\n<\/ol>\n<p>[\/vc_column_text][\/vc_column][\/vc_row][vc_row bg_type=\u00bbbg_color\u00bb bg_override=\u00bbex-full\u00bb bg_color_value=\u00bb#f5f5f5&#8243; css=\u00bb.vc_custom_1680527613375{padding-top: 30px !important;}\u00bb][vc_column width=\u00bb1\/5&#8243; css=\u00bb.vc_custom_1676848180201{margin-bottom: 30px !important;}\u00bb][dt_default_button link=\u00bburl:https%3A%2F%2Fmiguelcomino.cat%2Fes%2Fprograma%2Fciudad-amable-y-segura-para-las-personas%2F|title:Ciudad%20amable\u00bb size=\u00bbcustom\u00bb button_alignment=\u00bbbtn_center\u00bb font_size=\u00bb16px\u00bb icon_size=\u00bb21px\u00bb button_padding=\u00bb18px 10px 18px 10px\u00bb border_width=\u00bb3px\u00bb border_radius=\u00bb0px\u00bb text_color=\u00bb#ff020f\u00bb default_btn_border_color=\u00bb#ff020f\u00bb default_btn_bg=\u00bbn\u00bb text_hover_color=\u00bb#81018b\u00bb default_btn_border_hover_color=\u00bb#81018b\u00bb bg_hover_color=\u00bb#ffffff\u00bb icon_type=\u00bbpicker\u00bb icon_picker=\u00bbDefaults-heart\u00bb icon_gap=\u00bb15px\u00bb icon_align=\u00bbright\u00bb]Ciudad amable[\/dt_default_button][\/vc_column][vc_column width=\u00bb1\/5&#8243; css=\u00bb.vc_custom_1676848049387{margin-bottom: 30px !important;}\u00bb][dt_default_button link=\u00bburl:https%3A%2F%2Fmiguelcomino.cat%2Fes%2Fprograma%2Fciudad-moderna-de-progreso-y-participativa%2F|title:Ciudad%20moderna\u00bb size=\u00bbcustom\u00bb button_alignment=\u00bbbtn_center\u00bb font_size=\u00bb16px\u00bb icon_size=\u00bb21px\u00bb button_padding=\u00bb18px 10px 18px 10px\u00bb border_width=\u00bb3px\u00bb border_radius=\u00bb0px\u00bb text_color=\u00bb#ff020f\u00bb default_btn_border_color=\u00bb#ff020f\u00bb default_btn_bg=\u00bbn\u00bb text_hover_color=\u00bb#81018b\u00bb default_btn_border_hover_color=\u00bb#81018b\u00bb bg_hover_color=\u00bb#ffffff\u00bb icon_type=\u00bbpicker\u00bb icon_picker=\u00bbDefaults-heart\u00bb icon_gap=\u00bb15px\u00bb icon_align=\u00bbright\u00bb]Ciudad moderna[\/dt_default_button][\/vc_column][vc_column width=\u00bb1\/5&#8243; css=\u00bb.vc_custom_1676848066160{margin-bottom: 30px !important;}\u00bb][dt_default_button link=\u00bburl:https%3A%2F%2Fmiguelcomino.cat%2Fes%2Fprograma%2Fciudad-orgullosa-y-con-memoria%2F|title:Ciudad%20orgullosa\u00bb size=\u00bbcustom\u00bb button_alignment=\u00bbbtn_center\u00bb font_size=\u00bb16px\u00bb icon_size=\u00bb21px\u00bb button_padding=\u00bb18px 10px 18px 10px\u00bb border_width=\u00bb3px\u00bb border_radius=\u00bb0px\u00bb text_color=\u00bb#ff020f\u00bb default_btn_border_color=\u00bb#ff020f\u00bb default_btn_bg=\u00bbn\u00bb text_hover_color=\u00bb#81018b\u00bb default_btn_border_hover_color=\u00bb#81018b\u00bb bg_hover_color=\u00bb#ffffff\u00bb icon_type=\u00bbpicker\u00bb icon_picker=\u00bbDefaults-heart\u00bb icon_gap=\u00bb15px\u00bb icon_align=\u00bbright\u00bb]Ciudad orgullosa[\/dt_default_button][\/vc_column][vc_column width=\u00bb1\/5&#8243; css=\u00bb.vc_custom_1676848083490{margin-bottom: 30px !important;}\u00bb][dt_default_button link=\u00bburl:https%3A%2F%2Fmiguelcomino.cat%2Fes%2Fprograma%2Fciudad-social-y-por-la-igualdad-de-oportunidades%2F|title:Ciudad%20social\u00bb size=\u00bbcustom\u00bb button_alignment=\u00bbbtn_center\u00bb font_size=\u00bb16px\u00bb icon_size=\u00bb21px\u00bb button_padding=\u00bb18px 10px 18px 10px\u00bb border_width=\u00bb3px\u00bb border_radius=\u00bb0px\u00bb text_color=\u00bb#ff020f\u00bb default_btn_border_color=\u00bb#ff020f\u00bb default_btn_bg=\u00bbn\u00bb text_hover_color=\u00bb#81018b\u00bb default_btn_border_hover_color=\u00bb#81018b\u00bb bg_hover_color=\u00bb#ffffff\u00bb icon_type=\u00bbpicker\u00bb icon_picker=\u00bbDefaults-heart\u00bb icon_gap=\u00bb15px\u00bb icon_align=\u00bbright\u00bb]Ciudad social[\/dt_default_button][\/vc_column][vc_column width=\u00bb1\/5&#8243; css=\u00bb.vc_custom_1676848092100{margin-bottom: 30px !important;}\u00bb][dt_default_button link=\u00bburl:https%3A%2F%2Fmiguelcomino.cat%2Fes%2Fprograma%2Fciudad-sostenible-y-comprometida-con-el-medio-ambiente%2F|title:Ciudad%20sostenible\u00bb size=\u00bbcustom\u00bb button_alignment=\u00bbbtn_center\u00bb font_size=\u00bb16px\u00bb icon_size=\u00bb21px\u00bb button_padding=\u00bb18px 10px 18px 10px\u00bb border_width=\u00bb3px\u00bb border_radius=\u00bb0px\u00bb text_color=\u00bb#ff020f\u00bb default_btn_border_color=\u00bb#ff020f\u00bb default_btn_bg=\u00bbn\u00bb text_hover_color=\u00bb#81018b\u00bb default_btn_border_hover_color=\u00bb#81018b\u00bb bg_hover_color=\u00bb#ffffff\u00bb icon_type=\u00bbpicker\u00bb icon_picker=\u00bbDefaults-heart\u00bb icon_gap=\u00bb15px\u00bb icon_align=\u00bbright\u00bb]Ciudad sostenible[\/dt_default_button][\/vc_column][\/vc_row]<\/p>\n<\/div>","protected":false},"excerpt":{"rendered":"<p>[vc_row full_width=\u00bbstretch_row\u00bb gap=\u00bb30&#8243; full_height=\u00bbyes\u00bb equal_height=\u00bbyes\u00bb css=\u00bb.vc_custom_1676849751538{margin-top: 60px !important;}\u00bb][vc_column offset=\u00bbvc_col-lg-6 vc_col-md-6 vc_col-xs-12&#8243; css=\u00bb.vc_custom_1580036724999{padding-bottom: 30px !important;}\u00bb][vc_column_text css=\u00bb.vc_custom_1684234892316{padding-bottom: 20px !important;}\u00bb] Continuar ejecutando las segundas fases de los proyectos iniciados en este mandato Modernizaci\u00f3n de la plaza de la villa. Realizaci\u00f3n de un proceso participativo para definir el futuro de la plaza Narc\u00eds Lunes. Redacci\u00f3n del Plan de Acci\u00f3n [&hellip;]<\/p>\n","protected":false},"author":1,"featured_media":0,"parent":797,"menu_order":16,"comment_status":"closed","ping_status":"closed","template":"","meta":{"footnotes":""},"class_list":["post-3274","page","type-page","status-publish","hentry"],"yoast_head":"<!-- This site is optimized with the Yoast SEO plugin v24.6 - https:\/\/yoast.com\/wordpress\/plugins\/seo\/ -->\n<title>Ciudad moderna de progreso y participativa - Miguel Comino<\/title>\n<meta name=\"robots\" content=\"index, follow, max-snippet:-1, max-image-preview:large, max-video-preview:-1\" \/>\n<link rel=\"canonical\" href=\"https:\/\/miguelcomino.cat\/es\/programa\/ciudad-moderna-de-progreso-y-participativa\/\" \/>\n<meta property=\"og:locale\" content=\"es_ES\" \/>\n<meta property=\"og:type\" content=\"article\" \/>\n<meta property=\"og:title\" content=\"Ciudad moderna de progreso y participativa - Miguel Comino\" \/>\n<meta property=\"og:description\" content=\"[vc_row full_width=\u00bbstretch_row\u00bb gap=\u00bb30&#8243; full_height=\u00bbyes\u00bb equal_height=\u00bbyes\u00bb css=\u00bb.vc_custom_1676849751538{margin-top: 60px !important;}\u00bb][vc_column offset=\u00bbvc_col-lg-6 vc_col-md-6 vc_col-xs-12&#8243; css=\u00bb.vc_custom_1580036724999{padding-bottom: 30px !important;}\u00bb][vc_column_text css=\u00bb.vc_custom_1684234892316{padding-bottom: 20px !important;}\u00bb] Continuar ejecutando las segundas fases de los proyectos iniciados en este mandato Modernizaci\u00f3n de la plaza de la villa. Realizaci\u00f3n de un proceso participativo para definir el futuro de la plaza Narc\u00eds Lunes. Redacci\u00f3n del Plan de Acci\u00f3n [&hellip;]\" \/>\n<meta property=\"og:url\" content=\"https:\/\/miguelcomino.cat\/es\/programa\/ciudad-moderna-de-progreso-y-participativa\/\" \/>\n<meta property=\"og:site_name\" content=\"Miguel Comino\" \/>\n<meta property=\"article:publisher\" content=\"https:\/\/www.facebook.com\/miguel.comino\/about\" \/>\n<meta property=\"article:modified_time\" content=\"2023-05-16T11:44:31+00:00\" \/>\n<meta name=\"twitter:card\" content=\"summary_large_image\" \/>\n<meta name=\"twitter:label1\" content=\"Tiempo de lectura\" \/>\n\t<meta name=\"twitter:data1\" content=\"4 minutos\" \/>\n<script type=\"application\/ld+json\" class=\"yoast-schema-graph\">{\"@context\":\"https:\/\/schema.org\",\"@graph\":[{\"@type\":\"WebPage\",\"@id\":\"https:\/\/miguelcomino.cat\/es\/programa\/ciudad-moderna-de-progreso-y-participativa\/\",\"url\":\"https:\/\/miguelcomino.cat\/es\/programa\/ciudad-moderna-de-progreso-y-participativa\/\",\"name\":\"Ciudad moderna de progreso y participativa - Miguel Comino\",\"isPartOf\":{\"@id\":\"https:\/\/miguelcomino.cat\/es\/#website\"},\"datePublished\":\"2023-02-15T16:54:10+00:00\",\"dateModified\":\"2023-05-16T11:44:31+00:00\",\"breadcrumb\":{\"@id\":\"https:\/\/miguelcomino.cat\/es\/programa\/ciudad-moderna-de-progreso-y-participativa\/#breadcrumb\"},\"inLanguage\":\"es\",\"potentialAction\":[{\"@type\":\"ReadAction\",\"target\":[\"https:\/\/miguelcomino.cat\/es\/programa\/ciudad-moderna-de-progreso-y-participativa\/\"]}]},{\"@type\":\"BreadcrumbList\",\"@id\":\"https:\/\/miguelcomino.cat\/es\/programa\/ciudad-moderna-de-progreso-y-participativa\/#breadcrumb\",\"itemListElement\":[{\"@type\":\"ListItem\",\"position\":1,\"name\":\"Portada\",\"item\":\"https:\/\/miguelcomino.cat\/es\/\"},{\"@type\":\"ListItem\",\"position\":2,\"name\":\"Programa\",\"item\":\"https:\/\/miguelcomino.cat\/es\/programa\/\"},{\"@type\":\"ListItem\",\"position\":3,\"name\":\"Ciudad moderna de progreso y participativa\"}]},{\"@type\":\"WebSite\",\"@id\":\"https:\/\/miguelcomino.cat\/es\/#website\",\"url\":\"https:\/\/miguelcomino.cat\/es\/\",\"name\":\"Miguel Comino\",\"description\":\"Alcalde\",\"publisher\":{\"@id\":\"https:\/\/miguelcomino.cat\/es\/#\/schema\/person\/4ecf1a3fec86aedb7db8e31067c9ffaf\"},\"potentialAction\":[{\"@type\":\"SearchAction\",\"target\":{\"@type\":\"EntryPoint\",\"urlTemplate\":\"https:\/\/miguelcomino.cat\/es\/?s={search_term_string}\"},\"query-input\":{\"@type\":\"PropertyValueSpecification\",\"valueRequired\":true,\"valueName\":\"search_term_string\"}}],\"inLanguage\":\"es\"},{\"@type\":[\"Person\",\"Organization\"],\"@id\":\"https:\/\/miguelcomino.cat\/es\/#\/schema\/person\/4ecf1a3fec86aedb7db8e31067c9ffaf\",\"name\":\"Miguel Comino\",\"image\":{\"@type\":\"ImageObject\",\"inLanguage\":\"es\",\"@id\":\"https:\/\/miguelcomino.cat\/es\/#\/schema\/person\/image\/\",\"url\":\"https:\/\/miguelcomino.cat\/wp-content\/uploads\/2023\/05\/003.png\",\"contentUrl\":\"https:\/\/miguelcomino.cat\/wp-content\/uploads\/2023\/05\/003.png\",\"width\":922,\"height\":572,\"caption\":\"Miguel Comino\"},\"logo\":{\"@id\":\"https:\/\/miguelcomino.cat\/es\/#\/schema\/person\/image\/\"},\"sameAs\":[\"https:\/\/www.facebook.com\/miguel.comino\/about\",\"https:\/\/www.instagram.com\/miguelcomino\/\"]}]}<\/script>\n<!-- \/ Yoast SEO plugin. -->","yoast_head_json":{"title":"Ciudad moderna de progreso y participativa - Miguel Comino","robots":{"index":"index","follow":"follow","max-snippet":"max-snippet:-1","max-image-preview":"max-image-preview:large","max-video-preview":"max-video-preview:-1"},"canonical":"https:\/\/miguelcomino.cat\/es\/programa\/ciudad-moderna-de-progreso-y-participativa\/","og_locale":"es_ES","og_type":"article","og_title":"Ciudad moderna de progreso y participativa - Miguel Comino","og_description":"[vc_row full_width=\u00bbstretch_row\u00bb gap=\u00bb30&#8243; full_height=\u00bbyes\u00bb equal_height=\u00bbyes\u00bb css=\u00bb.vc_custom_1676849751538{margin-top: 60px !important;}\u00bb][vc_column offset=\u00bbvc_col-lg-6 vc_col-md-6 vc_col-xs-12&#8243; css=\u00bb.vc_custom_1580036724999{padding-bottom: 30px !important;}\u00bb][vc_column_text css=\u00bb.vc_custom_1684234892316{padding-bottom: 20px !important;}\u00bb] Continuar ejecutando las segundas fases de los proyectos iniciados en este mandato Modernizaci\u00f3n de la plaza de la villa. Realizaci\u00f3n de un proceso participativo para definir el futuro de la plaza Narc\u00eds Lunes. Redacci\u00f3n del Plan de Acci\u00f3n [&hellip;]","og_url":"https:\/\/miguelcomino.cat\/es\/programa\/ciudad-moderna-de-progreso-y-participativa\/","og_site_name":"Miguel Comino","article_publisher":"https:\/\/www.facebook.com\/miguel.comino\/about","article_modified_time":"2023-05-16T11:44:31+00:00","twitter_card":"summary_large_image","twitter_misc":{"Tiempo de lectura":"4 minutos"},"schema":{"@context":"https:\/\/schema.org","@graph":[{"@type":"WebPage","@id":"https:\/\/miguelcomino.cat\/es\/programa\/ciudad-moderna-de-progreso-y-participativa\/","url":"https:\/\/miguelcomino.cat\/es\/programa\/ciudad-moderna-de-progreso-y-participativa\/","name":"Ciudad moderna de progreso y participativa - Miguel Comino","isPartOf":{"@id":"https:\/\/miguelcomino.cat\/es\/#website"},"datePublished":"2023-02-15T16:54:10+00:00","dateModified":"2023-05-16T11:44:31+00:00","breadcrumb":{"@id":"https:\/\/miguelcomino.cat\/es\/programa\/ciudad-moderna-de-progreso-y-participativa\/#breadcrumb"},"inLanguage":"es","potentialAction":[{"@type":"ReadAction","target":["https:\/\/miguelcomino.cat\/es\/programa\/ciudad-moderna-de-progreso-y-participativa\/"]}]},{"@type":"BreadcrumbList","@id":"https:\/\/miguelcomino.cat\/es\/programa\/ciudad-moderna-de-progreso-y-participativa\/#breadcrumb","itemListElement":[{"@type":"ListItem","position":1,"name":"Portada","item":"https:\/\/miguelcomino.cat\/es\/"},{"@type":"ListItem","position":2,"name":"Programa","item":"https:\/\/miguelcomino.cat\/es\/programa\/"},{"@type":"ListItem","position":3,"name":"Ciudad moderna de progreso y participativa"}]},{"@type":"WebSite","@id":"https:\/\/miguelcomino.cat\/es\/#website","url":"https:\/\/miguelcomino.cat\/es\/","name":"Miguel Comino","description":"Alcalde","publisher":{"@id":"https:\/\/miguelcomino.cat\/es\/#\/schema\/person\/4ecf1a3fec86aedb7db8e31067c9ffaf"},"potentialAction":[{"@type":"SearchAction","target":{"@type":"EntryPoint","urlTemplate":"https:\/\/miguelcomino.cat\/es\/?s={search_term_string}"},"query-input":{"@type":"PropertyValueSpecification","valueRequired":true,"valueName":"search_term_string"}}],"inLanguage":"es"},{"@type":["Person","Organization"],"@id":"https:\/\/miguelcomino.cat\/es\/#\/schema\/person\/4ecf1a3fec86aedb7db8e31067c9ffaf","name":"Miguel Comino","image":{"@type":"ImageObject","inLanguage":"es","@id":"https:\/\/miguelcomino.cat\/es\/#\/schema\/person\/image\/","url":"https:\/\/miguelcomino.cat\/wp-content\/uploads\/2023\/05\/003.png","contentUrl":"https:\/\/miguelcomino.cat\/wp-content\/uploads\/2023\/05\/003.png","width":922,"height":572,"caption":"Miguel Comino"},"logo":{"@id":"https:\/\/miguelcomino.cat\/es\/#\/schema\/person\/image\/"},"sameAs":["https:\/\/www.facebook.com\/miguel.comino\/about","https:\/\/www.instagram.com\/miguelcomino\/"]}]}},"_links":{"self":[{"href":"https:\/\/miguelcomino.cat\/es\/wp-json\/wp\/v2\/pages\/3274","targetHints":{"allow":["GET"]}}],"collection":[{"href":"https:\/\/miguelcomino.cat\/es\/wp-json\/wp\/v2\/pages"}],"about":[{"href":"https:\/\/miguelcomino.cat\/es\/wp-json\/wp\/v2\/types\/page"}],"author":[{"embeddable":true,"href":"https:\/\/miguelcomino.cat\/es\/wp-json\/wp\/v2\/users\/1"}],"replies":[{"embeddable":true,"href":"https:\/\/miguelcomino.cat\/es\/wp-json\/wp\/v2\/comments?post=3274"}],"version-history":[{"count":15,"href":"https:\/\/miguelcomino.cat\/es\/wp-json\/wp\/v2\/pages\/3274\/revisions"}],"predecessor-version":[{"id":4301,"href":"https:\/\/miguelcomino.cat\/es\/wp-json\/wp\/v2\/pages\/3274\/revisions\/4301"}],"up":[{"embeddable":true,"href":"https:\/\/miguelcomino.cat\/es\/wp-json\/wp\/v2\/pages\/797"}],"wp:attachment":[{"href":"https:\/\/miguelcomino.cat\/es\/wp-json\/wp\/v2\/media?parent=3274"}],"curies":[{"name":"wp","href":"https:\/\/api.w.org\/{rel}","templated":true}]}}