{"id":3,"date":"2023-01-31T08:57:38","date_gmt":"2023-01-31T07:57:38","guid":{"rendered":"https:\/\/miguelcomino.cat\/?page_id=3"},"modified":"2023-03-02T18:54:27","modified_gmt":"2023-03-02T17:54:27","slug":"politica-de-privacidad","status":"publish","type":"page","link":"https:\/\/miguelcomino.cat\/es\/politica-de-privacidad\/","title":{"rendered":"Pol\u00edtica de Privacidad"},"content":{"rendered":"\n<h2 class=\"wp-block-heading\"><\/h2>\n\n\n\n<p>Tus datos personales ser\u00e1n incorporados a un archivo propiedad del Partido de los Socialistas de Catalu\u00f1a (PSC-PSOE).<\/p>\n\n\n\n<p>Mediante la aportaci\u00f3n de tus datos, des tu consentimiento para que sean tratados con el fin de enviarte por correo electr\u00f3nico o por tel\u00e9fono (incluido SMS u otros servicios de mensajer\u00eda) informaci\u00f3n relacionada con las siguientes cuestiones relacionadas con el actualidad pol\u00edtica de la ciudad de Barcelona, \u200b\u200bCatalu\u00f1a y Espa\u00f1a.<\/p>\n\n\n\n<p>Si lo deseas podr\u00e1s ejercer los derechos de acceso, rectificaci\u00f3n, supresi\u00f3n, cancelaci\u00f3n, limitaci\u00f3n al tratamiento, portabilidad y oposici\u00f3n comunic\u00e1ndolo por escrito a Partido de los Socialistas de Catalu\u00f1a (PSC-PSOE) c\/Rafael Casanova,195 08620 \u2013 Sant Vicen\u00e7 dels Horts o bien por correo electr\u00f3nico santvicencdelshorts@socialistes.cat. Tus datos no ser\u00e1n cedidos a terceros ni transferidos a ning\u00fan pa\u00eds extranjero, y se conservar\u00e1n por plazo indefinido.<\/p>\n\n\n\n<p>La informaci\u00f3n recibida por el PSC a trav\u00e9s de la presente p\u00e1gina Web ser\u00e1 tratada con la m\u00e1xima reserva y confidencialidad. A efectos de lo dispuesto en la Ley Org\u00e1nica 15\/1999, de 13 de diciembre, de Protecci\u00f3n de Datos de Car\u00e1cter Personal, el PSC informa al usuario de que los datos personales que se puedan facilitar a trav\u00e9s de cualquiera de los formularios Web son incorporados en el fichero WEBS DEL PSC titularidad de la propia entidad con el fin de atender adecuadamente a las inscripciones y\/o solicitudes de los usuarios. El PSC podr\u00e1 utilizar los datos identificativos y de contacto de los usuarios para mantenerlos informados sobre las actividades del partido que puedan resultar de su inter\u00e9s.<\/p>\n\n\n\n<p>Derechos de acceso, rectificaci\u00f3n, cancelaci\u00f3n y oposici\u00f3n Para ejercitar los derechos de acceso, rectificaci\u00f3n, cancelaci\u00f3n y oposici\u00f3n previstos en la Ley el usuario puede dirigirse por escrito al PSC, indicando ref. Protecci\u00f3n de datos o bien, por correo electr\u00f3nico a lopd@psc.cat., acreditando siempre debidamente su identidad.<\/p>\n\n\n\n<p>Seguridad en el tratamiento, procedimiento inform\u00e1tico y custodia de datos: El PSC declara y garantiza que mantiene los niveles de seguridad de protecci\u00f3n de datos personales conforme al Real Decreto 1720\/2007 de 21 de diciembre, por el que se aprueba el Reglamento que desarrolla la Ley Org\u00e1nica 15\/199 de 13 de diciembre, de protecci\u00f3n de datos de car\u00e1cter personal, que ha establecido todos los medios t\u00e9cnicos a su alcance para evitar la p\u00e9rdida, da\u00f1o, alteraci\u00f3n, acceso no autorizado y robo de los datos facilitados por los usuarios, sin perjuicio de informar que las medidas de seguridad en Internet no son inexpugnables.<\/p>\n","protected":false},"excerpt":{"rendered":"<p>Tus datos personales ser\u00e1n incorporados a un archivo propiedad del Partido de los Socialistas de Catalu\u00f1a (PSC-PSOE). Mediante la aportaci\u00f3n de tus datos, des tu consentimiento para que sean tratados con el fin de enviarte por correo electr\u00f3nico o por tel\u00e9fono (incluido SMS u otros servicios de mensajer\u00eda) informaci\u00f3n relacionada con las siguientes cuestiones relacionadas [&hellip;]<\/p>\n","protected":false},"author":1,"featured_media":0,"parent":0,"menu_order":0,"comment_status":"closed","ping_status":"closed","template":"","meta":{"footnotes":""},"class_list":["post-3","page","type-page","status-publish","hentry"],"yoast_head":"<!-- This site is optimized with the Yoast SEO plugin v24.6 - https:\/\/yoast.com\/wordpress\/plugins\/seo\/ -->\n<title>Pol\u00edtica de Privacidad - Miguel Comino<\/title>\n<meta name=\"robots\" content=\"index, follow, max-snippet:-1, max-image-preview:large, max-video-preview:-1\" \/>\n<link rel=\"canonical\" href=\"https:\/\/miguelcomino.cat\/es\/politica-de-privacidad\/\" \/>\n<meta property=\"og:locale\" content=\"es_ES\" \/>\n<meta property=\"og:type\" content=\"article\" \/>\n<meta property=\"og:title\" content=\"Pol\u00edtica de Privacidad - Miguel Comino\" \/>\n<meta property=\"og:description\" content=\"Tus datos personales ser\u00e1n incorporados a un archivo propiedad del Partido de los Socialistas de Catalu\u00f1a (PSC-PSOE). Mediante la aportaci\u00f3n de tus datos, des tu consentimiento para que sean tratados con el fin de enviarte por correo electr\u00f3nico o por tel\u00e9fono (incluido SMS u otros servicios de mensajer\u00eda) informaci\u00f3n relacionada con las siguientes cuestiones relacionadas [&hellip;]\" \/>\n<meta property=\"og:url\" content=\"https:\/\/miguelcomino.cat\/es\/politica-de-privacidad\/\" \/>\n<meta property=\"og:site_name\" content=\"Miguel Comino\" \/>\n<meta property=\"article:publisher\" content=\"https:\/\/www.facebook.com\/miguel.comino\/about\" \/>\n<meta property=\"article:modified_time\" content=\"2023-03-02T17:54:27+00:00\" \/>\n<meta name=\"twitter:card\" content=\"summary_large_image\" \/>\n<script type=\"application\/ld+json\" class=\"yoast-schema-graph\">{\"@context\":\"https:\/\/schema.org\",\"@graph\":[{\"@type\":\"WebPage\",\"@id\":\"https:\/\/miguelcomino.cat\/es\/politica-de-privacidad\/\",\"url\":\"https:\/\/miguelcomino.cat\/es\/politica-de-privacidad\/\",\"name\":\"Pol\u00edtica de Privacidad - Miguel Comino\",\"isPartOf\":{\"@id\":\"https:\/\/miguelcomino.cat\/es\/#website\"},\"datePublished\":\"2023-01-31T07:57:38+00:00\",\"dateModified\":\"2023-03-02T17:54:27+00:00\",\"breadcrumb\":{\"@id\":\"https:\/\/miguelcomino.cat\/es\/politica-de-privacidad\/#breadcrumb\"},\"inLanguage\":\"es\",\"potentialAction\":[{\"@type\":\"ReadAction\",\"target\":[\"https:\/\/miguelcomino.cat\/es\/politica-de-privacidad\/\"]}]},{\"@type\":\"BreadcrumbList\",\"@id\":\"https:\/\/miguelcomino.cat\/es\/politica-de-privacidad\/#breadcrumb\",\"itemListElement\":[{\"@type\":\"ListItem\",\"position\":1,\"name\":\"Portada\",\"item\":\"https:\/\/miguelcomino.cat\/es\/\"},{\"@type\":\"ListItem\",\"position\":2,\"name\":\"Pol\u00edtica de Privacidad\"}]},{\"@type\":\"WebSite\",\"@id\":\"https:\/\/miguelcomino.cat\/es\/#website\",\"url\":\"https:\/\/miguelcomino.cat\/es\/\",\"name\":\"Miguel Comino\",\"description\":\"Alcalde\",\"publisher\":{\"@id\":\"https:\/\/miguelcomino.cat\/es\/#\/schema\/person\/4ecf1a3fec86aedb7db8e31067c9ffaf\"},\"potentialAction\":[{\"@type\":\"SearchAction\",\"target\":{\"@type\":\"EntryPoint\",\"urlTemplate\":\"https:\/\/miguelcomino.cat\/es\/?s={search_term_string}\"},\"query-input\":{\"@type\":\"PropertyValueSpecification\",\"valueRequired\":true,\"valueName\":\"search_term_string\"}}],\"inLanguage\":\"es\"},{\"@type\":[\"Person\",\"Organization\"],\"@id\":\"https:\/\/miguelcomino.cat\/es\/#\/schema\/person\/4ecf1a3fec86aedb7db8e31067c9ffaf\",\"name\":\"Miguel Comino\",\"image\":{\"@type\":\"ImageObject\",\"inLanguage\":\"es\",\"@id\":\"https:\/\/miguelcomino.cat\/es\/#\/schema\/person\/image\/\",\"url\":\"https:\/\/miguelcomino.cat\/wp-content\/uploads\/2023\/05\/003.png\",\"contentUrl\":\"https:\/\/miguelcomino.cat\/wp-content\/uploads\/2023\/05\/003.png\",\"width\":922,\"height\":572,\"caption\":\"Miguel Comino\"},\"logo\":{\"@id\":\"https:\/\/miguelcomino.cat\/es\/#\/schema\/person\/image\/\"},\"sameAs\":[\"https:\/\/www.facebook.com\/miguel.comino\/about\",\"https:\/\/www.instagram.com\/miguelcomino\/\"]}]}<\/script>\n<!-- \/ Yoast SEO plugin. -->","yoast_head_json":{"title":"Pol\u00edtica de Privacidad - Miguel Comino","robots":{"index":"index","follow":"follow","max-snippet":"max-snippet:-1","max-image-preview":"max-image-preview:large","max-video-preview":"max-video-preview:-1"},"canonical":"https:\/\/miguelcomino.cat\/es\/politica-de-privacidad\/","og_locale":"es_ES","og_type":"article","og_title":"Pol\u00edtica de Privacidad - Miguel Comino","og_description":"Tus datos personales ser\u00e1n incorporados a un archivo propiedad del Partido de los Socialistas de Catalu\u00f1a (PSC-PSOE). Mediante la aportaci\u00f3n de tus datos, des tu consentimiento para que sean tratados con el fin de enviarte por correo electr\u00f3nico o por tel\u00e9fono (incluido SMS u otros servicios de mensajer\u00eda) informaci\u00f3n relacionada con las siguientes cuestiones relacionadas [&hellip;]","og_url":"https:\/\/miguelcomino.cat\/es\/politica-de-privacidad\/","og_site_name":"Miguel Comino","article_publisher":"https:\/\/www.facebook.com\/miguel.comino\/about","article_modified_time":"2023-03-02T17:54:27+00:00","twitter_card":"summary_large_image","schema":{"@context":"https:\/\/schema.org","@graph":[{"@type":"WebPage","@id":"https:\/\/miguelcomino.cat\/es\/politica-de-privacidad\/","url":"https:\/\/miguelcomino.cat\/es\/politica-de-privacidad\/","name":"Pol\u00edtica de Privacidad - Miguel Comino","isPartOf":{"@id":"https:\/\/miguelcomino.cat\/es\/#website"},"datePublished":"2023-01-31T07:57:38+00:00","dateModified":"2023-03-02T17:54:27+00:00","breadcrumb":{"@id":"https:\/\/miguelcomino.cat\/es\/politica-de-privacidad\/#breadcrumb"},"inLanguage":"es","potentialAction":[{"@type":"ReadAction","target":["https:\/\/miguelcomino.cat\/es\/politica-de-privacidad\/"]}]},{"@type":"BreadcrumbList","@id":"https:\/\/miguelcomino.cat\/es\/politica-de-privacidad\/#breadcrumb","itemListElement":[{"@type":"ListItem","position":1,"name":"Portada","item":"https:\/\/miguelcomino.cat\/es\/"},{"@type":"ListItem","position":2,"name":"Pol\u00edtica de Privacidad"}]},{"@type":"WebSite","@id":"https:\/\/miguelcomino.cat\/es\/#website","url":"https:\/\/miguelcomino.cat\/es\/","name":"Miguel Comino","description":"Alcalde","publisher":{"@id":"https:\/\/miguelcomino.cat\/es\/#\/schema\/person\/4ecf1a3fec86aedb7db8e31067c9ffaf"},"potentialAction":[{"@type":"SearchAction","target":{"@type":"EntryPoint","urlTemplate":"https:\/\/miguelcomino.cat\/es\/?s={search_term_string}"},"query-input":{"@type":"PropertyValueSpecification","valueRequired":true,"valueName":"search_term_string"}}],"inLanguage":"es"},{"@type":["Person","Organization"],"@id":"https:\/\/miguelcomino.cat\/es\/#\/schema\/person\/4ecf1a3fec86aedb7db8e31067c9ffaf","name":"Miguel Comino","image":{"@type":"ImageObject","inLanguage":"es","@id":"https:\/\/miguelcomino.cat\/es\/#\/schema\/person\/image\/","url":"https:\/\/miguelcomino.cat\/wp-content\/uploads\/2023\/05\/003.png","contentUrl":"https:\/\/miguelcomino.cat\/wp-content\/uploads\/2023\/05\/003.png","width":922,"height":572,"caption":"Miguel Comino"},"logo":{"@id":"https:\/\/miguelcomino.cat\/es\/#\/schema\/person\/image\/"},"sameAs":["https:\/\/www.facebook.com\/miguel.comino\/about","https:\/\/www.instagram.com\/miguelcomino\/"]}]}},"_links":{"self":[{"href":"https:\/\/miguelcomino.cat\/es\/wp-json\/wp\/v2\/pages\/3","targetHints":{"allow":["GET"]}}],"collection":[{"href":"https:\/\/miguelcomino.cat\/es\/wp-json\/wp\/v2\/pages"}],"about":[{"href":"https:\/\/miguelcomino.cat\/es\/wp-json\/wp\/v2\/types\/page"}],"author":[{"embeddable":true,"href":"https:\/\/miguelcomino.cat\/es\/wp-json\/wp\/v2\/users\/1"}],"replies":[{"embeddable":true,"href":"https:\/\/miguelcomino.cat\/es\/wp-json\/wp\/v2\/comments?post=3"}],"version-history":[{"count":3,"href":"https:\/\/miguelcomino.cat\/es\/wp-json\/wp\/v2\/pages\/3\/revisions"}],"predecessor-version":[{"id":3518,"href":"https:\/\/miguelcomino.cat\/es\/wp-json\/wp\/v2\/pages\/3\/revisions\/3518"}],"wp:attachment":[{"href":"https:\/\/miguelcomino.cat\/es\/wp-json\/wp\/v2\/media?parent=3"}],"curies":[{"name":"wp","href":"https:\/\/api.w.org\/{rel}","templated":true}]}}